{"id":2,"date":"2022-06-13T16:50:54","date_gmt":"2022-06-13T16:50:54","guid":{"rendered":"http:\/\/masquefarmacia.org\/?page_id=2"},"modified":"2023-07-17T18:45:45","modified_gmt":"2023-07-17T18:45:45","slug":"pagina-ejemplo","status":"publish","type":"page","link":"https:\/\/masquefarmacia.org\/index.php\/pagina-ejemplo\/","title":{"rendered":"+QCooperaci\u00f3n"},"content":{"rendered":"\n<p>En esta p\u00e1gina podr\u00e1 comprobar el trabajo que desde Mas Que Farmacia vamos a realizar en Cooperaci\u00f3n al Desarrollo y Emergencias<\/p>\n\n\n\n<p><strong>Julio 2023 &#8211; Cooperaci\u00f3n Uganda. Higiene, nutrici\u00f3n y salud<\/strong><\/p>\n\n\n\n<p>Hemos colaborado con el Colegio Entreolivos de Sevilla en su proyecto de voluntariado en Uganda en el cual van a desarrollar talleres escolares de higiene, nutrici\u00f3n en escuelas del colegio Kysakie Nursey y la Primary School de Abaita Ababiri y clases de educaci\u00f3n sobre cuidados de salud y atenci\u00f3n m\u00e9dica b\u00e1sica en los dispensarios m\u00e9dicos en los poblados de Lyamutundwe y Kisubi. <br><\/p>\n\n\n\n<p>Tambi\u00e9n han impartido clases en colegios, acompa\u00f1ado ni\u00f1os y mayores con discapacidad de un centro para personas sin hogar y ha entregado a familias de los poblados visitados toda la comida y productos de higiene y primera necesidad.<\/p>\n\n\n\n<p>Desde M\u00e1s que Farmacia le hemos preparado el material de higiene y sanitario para la formaci\u00f3n de dichos talleres de higiene y salud, as\u00ed como la donaci\u00f3n de los productos de sanidad e higiene para la poblaci\u00f3n.<\/p>\n\n\n\n<figure class=\"wp-block-image size-full is-resized\"><img fetchpriority=\"high\" decoding=\"async\" src=\"https:\/\/masquefarmacia.org\/wp-content\/uploads\/2023\/07\/fbd728d4-50bc-48e6-ab3e-b85857c169a7.jpeg\" alt=\"\" class=\"wp-image-1223\" width=\"420\" height=\"560\" srcset=\"https:\/\/masquefarmacia.org\/wp-content\/uploads\/2023\/07\/fbd728d4-50bc-48e6-ab3e-b85857c169a7.jpeg 768w, https:\/\/masquefarmacia.org\/wp-content\/uploads\/2023\/07\/fbd728d4-50bc-48e6-ab3e-b85857c169a7-225x300.jpeg 225w, https:\/\/masquefarmacia.org\/wp-content\/uploads\/2023\/07\/fbd728d4-50bc-48e6-ab3e-b85857c169a7-600x800.jpeg 600w\" sizes=\"(max-width: 420px) 100vw, 420px\" \/><\/figure>\n\n\n\n<figure class=\"wp-block-image size-full is-resized\"><img decoding=\"async\" src=\"https:\/\/masquefarmacia.org\/wp-content\/uploads\/2023\/07\/120ed7b3-5483-4f6a-a296-206d7afa5f65.jpeg\" alt=\"\" class=\"wp-image-1224\" width=\"416\" height=\"555\" srcset=\"https:\/\/masquefarmacia.org\/wp-content\/uploads\/2023\/07\/120ed7b3-5483-4f6a-a296-206d7afa5f65.jpeg 768w, https:\/\/masquefarmacia.org\/wp-content\/uploads\/2023\/07\/120ed7b3-5483-4f6a-a296-206d7afa5f65-225x300.jpeg 225w, https:\/\/masquefarmacia.org\/wp-content\/uploads\/2023\/07\/120ed7b3-5483-4f6a-a296-206d7afa5f65-600x800.jpeg 600w\" sizes=\"(max-width: 416px) 100vw, 416px\" \/><\/figure>\n\n\n\n<figure class=\"wp-block-image size-large is-resized\"><img decoding=\"async\" src=\"https:\/\/masquefarmacia.org\/wp-content\/uploads\/2023\/07\/bdf39885-2a3b-40a7-80af-4e81c780c563-768x1024.jpeg\" alt=\"\" class=\"wp-image-1226\" width=\"413\" height=\"551\" srcset=\"https:\/\/masquefarmacia.org\/wp-content\/uploads\/2023\/07\/bdf39885-2a3b-40a7-80af-4e81c780c563-768x1024.jpeg 768w, https:\/\/masquefarmacia.org\/wp-content\/uploads\/2023\/07\/bdf39885-2a3b-40a7-80af-4e81c780c563-225x300.jpeg 225w, https:\/\/masquefarmacia.org\/wp-content\/uploads\/2023\/07\/bdf39885-2a3b-40a7-80af-4e81c780c563-1152x1536.jpeg 1152w, https:\/\/masquefarmacia.org\/wp-content\/uploads\/2023\/07\/bdf39885-2a3b-40a7-80af-4e81c780c563-1320x1760.jpeg 1320w, https:\/\/masquefarmacia.org\/wp-content\/uploads\/2023\/07\/bdf39885-2a3b-40a7-80af-4e81c780c563-600x800.jpeg 600w, https:\/\/masquefarmacia.org\/wp-content\/uploads\/2023\/07\/bdf39885-2a3b-40a7-80af-4e81c780c563.jpeg 1536w\" sizes=\"(max-width: 413px) 100vw, 413px\" \/><\/figure>\n\n\n\n<figure class=\"wp-block-image size-large is-resized\"><img loading=\"lazy\" decoding=\"async\" src=\"https:\/\/masquefarmacia.org\/wp-content\/uploads\/2023\/07\/fe438ed9-eadb-4d0c-b332-8308f62ef0e7-768x1024.jpeg\" alt=\"\" class=\"wp-image-1225\" width=\"414\" height=\"550\"\/><\/figure>\n\n\n\n<p><strong>Junio 2023 \u2013 Cooperaci\u00f3n Guatemala<\/strong>.&nbsp;<strong>Odontolog\u00eda.<\/strong><\/p>\n\n\n\n<p>Hemos colaborado con la Fundaci\u00f3n Madrazo y con Asociaci\u00f3n Paz y Bien de Guatemala, en las I JORNADAS ODONTOL\u00d3GICAS para todas las personas que lo necesiten del municipio Quetzaltepeque, en Guatemala, con la finalidad de acercar los servicios de salud dental a la poblaci\u00f3n m\u00e1s vulnerable.<br><br>Dichas jornadas han sido posible gracias a la colaboraci\u00f3n desinteresada de la Cl\u00ednica Dres. Gal\u00e1n &amp; Pel\u00e1ez de Sevilla, con su equipo de profesionales expertos en odontolog\u00eda que se han desplazado hasta all\u00ed y que estar\u00e1n por Guatemala del 5 al 16 de Junio en el centro cl\u00ednico de Tucunsh\u00e1 de Paz y Bien, en horario de 8 a 17 horas, atendiendo diariamente a m\u00e1s de 40 pacientes.<\/p>\n\n\n\n<p>Desde M\u00e1s que Farmacia se ha proporcionado toda la medicaci\u00f3n necesaria (metamizol, ibuprofeno, paracetamos, dexketoprofeno, etc), as\u00ed como la dispensaci\u00f3n de los mismos por parte de nuestras voluntarias, a los pacientes que han pasado por las consultas ondontol\u00f3gicas y han necesitado de tratamiento.<\/p>\n\n\n\n<figure class=\"wp-block-image is-resized\"><img loading=\"lazy\" decoding=\"async\" src=\"https:\/\/masquefarmacia.org\/wp-content\/uploads\/2023\/06\/576834b8-fee2-43ff-b4e0-79d48fd53b81-1.jpeg\" alt=\"\" class=\"wp-image-985\" width=\"427\" height=\"569\" srcset=\"https:\/\/masquefarmacia.org\/wp-content\/uploads\/2023\/06\/576834b8-fee2-43ff-b4e0-79d48fd53b81-1.jpeg 768w, https:\/\/masquefarmacia.org\/wp-content\/uploads\/2023\/06\/576834b8-fee2-43ff-b4e0-79d48fd53b81-1-225x300.jpeg 225w, https:\/\/masquefarmacia.org\/wp-content\/uploads\/2023\/06\/576834b8-fee2-43ff-b4e0-79d48fd53b81-1-600x800.jpeg 600w\" sizes=\"(max-width: 427px) 100vw, 427px\" \/><\/figure>\n\n\n\n<figure class=\"wp-block-image is-resized\"><img loading=\"lazy\" decoding=\"async\" src=\"https:\/\/masquefarmacia.org\/wp-content\/uploads\/2023\/06\/a90e2ae0-a047-4f06-b62b-e22eceb5af37-1-1024x919.jpeg\" alt=\"\" class=\"wp-image-986\" width=\"515\" height=\"461\" srcset=\"https:\/\/masquefarmacia.org\/wp-content\/uploads\/2023\/06\/a90e2ae0-a047-4f06-b62b-e22eceb5af37-1-1024x919.jpeg 1024w, https:\/\/masquefarmacia.org\/wp-content\/uploads\/2023\/06\/a90e2ae0-a047-4f06-b62b-e22eceb5af37-1-300x269.jpeg 300w, https:\/\/masquefarmacia.org\/wp-content\/uploads\/2023\/06\/a90e2ae0-a047-4f06-b62b-e22eceb5af37-1-768x689.jpeg 768w, https:\/\/masquefarmacia.org\/wp-content\/uploads\/2023\/06\/a90e2ae0-a047-4f06-b62b-e22eceb5af37-1-1536x1378.jpeg 1536w, https:\/\/masquefarmacia.org\/wp-content\/uploads\/2023\/06\/a90e2ae0-a047-4f06-b62b-e22eceb5af37-1-1320x1184.jpeg 1320w, https:\/\/masquefarmacia.org\/wp-content\/uploads\/2023\/06\/a90e2ae0-a047-4f06-b62b-e22eceb5af37-1-600x538.jpeg 600w, https:\/\/masquefarmacia.org\/wp-content\/uploads\/2023\/06\/a90e2ae0-a047-4f06-b62b-e22eceb5af37-1.jpeg 1585w\" sizes=\"(max-width: 515px) 100vw, 515px\" \/><\/figure>\n\n\n\n<figure class=\"wp-block-image is-resized\"><img loading=\"lazy\" decoding=\"async\" src=\"https:\/\/masquefarmacia.org\/wp-content\/uploads\/2023\/06\/226519a3-14b1-4ae7-b15f-dbe6b78134b2-1-576x1024.jpeg\" alt=\"\" class=\"wp-image-987\" width=\"377\" height=\"670\" srcset=\"https:\/\/masquefarmacia.org\/wp-content\/uploads\/2023\/06\/226519a3-14b1-4ae7-b15f-dbe6b78134b2-1-576x1024.jpeg 576w, https:\/\/masquefarmacia.org\/wp-content\/uploads\/2023\/06\/226519a3-14b1-4ae7-b15f-dbe6b78134b2-1-169x300.jpeg 169w, https:\/\/masquefarmacia.org\/wp-content\/uploads\/2023\/06\/226519a3-14b1-4ae7-b15f-dbe6b78134b2-1-600x1067.jpeg 600w, https:\/\/masquefarmacia.org\/wp-content\/uploads\/2023\/06\/226519a3-14b1-4ae7-b15f-dbe6b78134b2-1.jpeg 720w\" sizes=\"(max-width: 377px) 100vw, 377px\" \/><\/figure>\n\n\n\n<figure class=\"wp-block-image is-resized\"><img loading=\"lazy\" decoding=\"async\" src=\"https:\/\/masquefarmacia.org\/wp-content\/uploads\/2023\/06\/IMG_5322-1-768x1024.jpeg\" alt=\"\" class=\"wp-image-988\" width=\"487\" height=\"649\" srcset=\"https:\/\/masquefarmacia.org\/wp-content\/uploads\/2023\/06\/IMG_5322-1-768x1024.jpeg 768w, https:\/\/masquefarmacia.org\/wp-content\/uploads\/2023\/06\/IMG_5322-1-225x300.jpeg 225w, https:\/\/masquefarmacia.org\/wp-content\/uploads\/2023\/06\/IMG_5322-1-1152x1536.jpeg 1152w, https:\/\/masquefarmacia.org\/wp-content\/uploads\/2023\/06\/IMG_5322-1-1320x1760.jpeg 1320w, https:\/\/masquefarmacia.org\/wp-content\/uploads\/2023\/06\/IMG_5322-1-600x800.jpeg 600w, https:\/\/masquefarmacia.org\/wp-content\/uploads\/2023\/06\/IMG_5322-1.jpeg 1350w\" sizes=\"(max-width: 487px) 100vw, 487px\" \/><\/figure>\n","protected":false},"excerpt":{"rendered":"<p>En esta p\u00e1gina podr\u00e1 comprobar el trabajo que desde Mas Que Farmacia vamos a realizar en Cooperaci\u00f3n al Desarrollo y Emergencias Julio 2023 &#8211; Cooperaci\u00f3n Uganda. Higiene, nutrici\u00f3n y salud Hemos colaborado con el Colegio Entreolivos de Sevilla en su proyecto de voluntariado en Uganda en el cual van a desarrollar talleres escolares de higiene, [&hellip;]<\/p>\n","protected":false},"author":2,"featured_media":0,"parent":0,"menu_order":0,"comment_status":"closed","ping_status":"closed","template":"","meta":{"_monsterinsights_skip_tracking":false,"_monsterinsights_sitenote_active":false,"_monsterinsights_sitenote_note":"","_monsterinsights_sitenote_category":0,"footnotes":""},"class_list":["post-2","page","type-page","status-publish","hentry"],"aioseo_notices":[],"jetpack_sharing_enabled":true,"_links":{"self":[{"href":"https:\/\/masquefarmacia.org\/index.php\/wp-json\/wp\/v2\/pages\/2","targetHints":{"allow":["GET"]}}],"collection":[{"href":"https:\/\/masquefarmacia.org\/index.php\/wp-json\/wp\/v2\/pages"}],"about":[{"href":"https:\/\/masquefarmacia.org\/index.php\/wp-json\/wp\/v2\/types\/page"}],"author":[{"embeddable":true,"href":"https:\/\/masquefarmacia.org\/index.php\/wp-json\/wp\/v2\/users\/2"}],"replies":[{"embeddable":true,"href":"https:\/\/masquefarmacia.org\/index.php\/wp-json\/wp\/v2\/comments?post=2"}],"version-history":[{"count":17,"href":"https:\/\/masquefarmacia.org\/index.php\/wp-json\/wp\/v2\/pages\/2\/revisions"}],"predecessor-version":[{"id":1229,"href":"https:\/\/masquefarmacia.org\/index.php\/wp-json\/wp\/v2\/pages\/2\/revisions\/1229"}],"wp:attachment":[{"href":"https:\/\/masquefarmacia.org\/index.php\/wp-json\/wp\/v2\/media?parent=2"}],"curies":[{"name":"wp","href":"https:\/\/api.w.org\/{rel}","templated":true}]}}