{"id":2401,"date":"2024-06-27T08:42:11","date_gmt":"2024-06-27T08:42:11","guid":{"rendered":"https:\/\/masquefarmacia.org\/?page_id=2401"},"modified":"2024-07-03T11:48:01","modified_gmt":"2024-07-03T11:48:01","slug":"2401-2","status":"publish","type":"page","link":"https:\/\/masquefarmacia.org\/index.php\/2401-2\/","title":{"rendered":"Asociarse a +QF"},"content":{"rendered":"<div class=\"wp-block-image\">\n<figure class=\"aligncenter size-large is-resized\"><img fetchpriority=\"high\" decoding=\"async\" width=\"1024\" height=\"904\" src=\"https:\/\/masquefarmacia.org\/wp-content\/uploads\/2024\/06\/logomasquefarmaciaHD-1024x904.jpg\" alt=\"\" class=\"wp-image-2405\" style=\"width:223px;height:auto\" srcset=\"https:\/\/masquefarmacia.org\/wp-content\/uploads\/2024\/06\/logomasquefarmaciaHD-1024x904.jpg 1024w, https:\/\/masquefarmacia.org\/wp-content\/uploads\/2024\/06\/logomasquefarmaciaHD-300x265.jpg 300w, https:\/\/masquefarmacia.org\/wp-content\/uploads\/2024\/06\/logomasquefarmaciaHD-768x678.jpg 768w, https:\/\/masquefarmacia.org\/wp-content\/uploads\/2024\/06\/logomasquefarmaciaHD-1536x1355.jpg 1536w, https:\/\/masquefarmacia.org\/wp-content\/uploads\/2024\/06\/logomasquefarmaciaHD-1320x1165.jpg 1320w, https:\/\/masquefarmacia.org\/wp-content\/uploads\/2024\/06\/logomasquefarmaciaHD-600x529.jpg 600w, https:\/\/masquefarmacia.org\/wp-content\/uploads\/2024\/06\/logomasquefarmaciaHD.jpg 1700w\" sizes=\"(max-width: 1024px) 100vw, 1024px\" \/><\/figure>\n<\/div>\n\n\n<p><strong>Est\u00e1s a un solo paso de formar parte de M\u00e1s Que Farmacia<\/strong>&#8230;.. Entidad que busca a trav\u00e9s de la colaboraci\u00f3n entre sectores sanitarios, atender las necesidades sociales que afectan a la salud de personas en riesgo o situaci\u00f3n de exclusi\u00f3n, tanto en Espa\u00f1a como en los Pa\u00edses en Desarrollo.<\/p>\n\n\n\n<p><strong>Te contamos en dos minutos<\/strong> quienes somos y luego ya decides, si te unes a este gran proyecto.<\/p>\n\n\n\n<figure class=\"wp-block-embed aligncenter is-type-video is-provider-youtube wp-block-embed-youtube wp-embed-aspect-16-9 wp-has-aspect-ratio\"><div class=\"wp-block-embed__wrapper\">\n<iframe title=\"VIDEO INSTITUCIONAL MQF -  FINALIDAD MISION VISION VALORES\" width=\"500\" height=\"281\" src=\"https:\/\/www.youtube.com\/embed\/ZJq5oXs6f28?start=4&#038;feature=oembed\" frameborder=\"0\" allow=\"accelerometer; autoplay; clipboard-write; encrypted-media; gyroscope; picture-in-picture; web-share\" referrerpolicy=\"strict-origin-when-cross-origin\" allowfullscreen><\/iframe>\n<\/div><\/figure>\n\n\n\n<p>\u00bf<strong>Te ha gustado<\/strong>&#8230;.?&#8230;.pues te contamos m\u00e1s. No queremos asociados que \u00fanicamente paguen una cuota y ya. Queremos gente comprometida con nuestra misi\u00f3n y que entienda que la salud va mucho m\u00e1s all\u00e1 de la ausencia de enfermedad. Y que nuestro bienestar depende de la coordinaci\u00f3n que seamos capaces de hacer con administraciones, empresas y otros grupos de inter\u00e9s, <strong>especialmente otros compa\u00f1eros sanitarios.<\/strong><\/p>\n\n\n\n<p>Adem\u00e1s, ser asociado te ofrece estas ventajas m\u00e1s all\u00e1 de pertenecer a nuestra ONG:<\/p>\n\n\n\n<p>-Acceso a publicaciones en el \u00e1mbito social de la salud.<\/p>\n\n\n\n<p>-Acceso preferente a cursos con descuentos.<\/p>\n\n\n\n<p>-Acceso a foros de debate para construir una entidad m\u00e1s plural.<\/p>\n\n\n\n<p>-Acceso preferente a plazas en proyectos de Cooperaci\u00f3n al Desarrollo.<\/p>\n\n\n\n<p>\u00bfQuieres unirte a nosotros? &#8230;Lo hemos puesto muy f\u00e1cil, <strong><mark style=\"background-color:rgba(0, 0, 0, 0)\" class=\"has-inline-color has-colibri-color-6-color\">pincha en la imagen<\/mark><\/strong> y ver\u00e1s.<\/p>\n\n\n<div class=\"wp-block-image\">\n<figure class=\"aligncenter size-full is-resized\"><a href=\"https:\/\/buy.stripe.com\/9AQ6pfacbaXlem49AE\"><img decoding=\"async\" width=\"500\" height=\"500\" src=\"https:\/\/masquefarmacia.org\/wp-content\/uploads\/2024\/06\/LOGO-HAZTE-SOCIO-1.jpg\" alt=\"\" class=\"wp-image-2424\" style=\"width:249px;height:auto\" srcset=\"https:\/\/masquefarmacia.org\/wp-content\/uploads\/2024\/06\/LOGO-HAZTE-SOCIO-1.jpg 500w, https:\/\/masquefarmacia.org\/wp-content\/uploads\/2024\/06\/LOGO-HAZTE-SOCIO-1-300x300.jpg 300w, https:\/\/masquefarmacia.org\/wp-content\/uploads\/2024\/06\/LOGO-HAZTE-SOCIO-1-150x150.jpg 150w, https:\/\/masquefarmacia.org\/wp-content\/uploads\/2024\/06\/LOGO-HAZTE-SOCIO-1-100x100.jpg 100w\" sizes=\"(max-width: 500px) 100vw, 500px\" \/><\/a><\/figure>\n<\/div>\n\n\n<p><strong>Si te has asociado muchas gracias por confiar en nosotros<\/strong>. En caso contrario, <strong>gracias por tu inter\u00e9s<\/strong> en nuestro trabajo. Te esperamos en esta web para seguir inform\u00e1ndote de toda nuestra actividad. Si quieres no es necesario que nos visites. Podemos enviar toda nuestra informaci\u00f3n a tu correo electr\u00f3nico. Solo tienes que dejarnos tu nombre y correo electr\u00f3nico en este formulario:<\/p>\n\n\n<style id=\"wpforms-css-vars-2459\">\n\t\t\t\t#wpforms-2459 {\n\t\t\t\t--wpforms-container-padding: 0px;\n--wpforms-container-border-width: 1px;\n--wpforms-container-border-radius: 3px;\n--wpforms-background-color: rgba(0, 0, 0, 0);\n--wpforms-field-size-input-height: 43px;\n--wpforms-field-size-input-spacing: 15px;\n--wpforms-field-size-font-size: 16px;\n--wpforms-field-size-line-height: 19px;\n--wpforms-field-size-padding-h: 14px;\n--wpforms-field-size-checkbox-size: 16px;\n--wpforms-field-size-sublabel-spacing: 5px;\n--wpforms-field-size-icon-size: 1;\n--wpforms-label-size-font-size: 16px;\n--wpforms-label-size-line-height: 19px;\n--wpforms-label-size-sublabel-font-size: 14px;\n--wpforms-label-size-sublabel-line-height: 17px;\n--wpforms-button-size-font-size: 17px;\n--wpforms-button-size-height: 41px;\n--wpforms-button-size-padding-h: 15px;\n--wpforms-button-size-margin-top: 10px;\n--wpforms-container-shadow-size-box-shadow: none;\n\t\t\t}\n\t\t\t<\/style><div class=\"wpforms-container wpforms-container-full wpforms-render-modern\" id=\"wpforms-2459\"><form id=\"wpforms-form-2459\" class=\"wpforms-validate wpforms-form wpforms-ajax-form\" data-formid=\"2459\" method=\"post\" enctype=\"multipart\/form-data\" action=\"\/index.php\/wp-json\/wp\/v2\/pages\/2401\" data-token=\"e874dd5489a2da55d8df5cddcbcb8881\" data-token-time=\"1776082058\"><noscript class=\"wpforms-error-noscript\">Por favor, activa JavaScript en tu navegador para completar este formulario.<\/noscript><div id=\"wpforms-error-noscript\" style=\"display: none;\">Por favor, activa JavaScript en tu navegador para completar este formulario.<\/div><div class=\"wpforms-field-container\"><div id=\"wpforms-2459-field_1-container\" class=\"wpforms-field wpforms-field-name\" data-field-id=\"1\"><fieldset><legend class=\"wpforms-field-label\">Nombre y Apellidos <span class=\"wpforms-required-label\" aria-hidden=\"true\">*<\/span><\/legend><div class=\"wpforms-field-row wpforms-field-medium\"><div class=\"wpforms-field-row-block wpforms-first wpforms-one-half\"><input type=\"text\" id=\"wpforms-2459-field_1\" class=\"wpforms-field-name-first wpforms-field-required\" name=\"wpforms[fields][1][first]\" aria-errormessage=\"wpforms-2459-field_1-error\" required><label for=\"wpforms-2459-field_1\" class=\"wpforms-field-sublabel after\">Nombre<\/label><\/div><div class=\"wpforms-field-row-block wpforms-one-half\"><input type=\"text\" id=\"wpforms-2459-field_1-last\" class=\"wpforms-field-name-last wpforms-field-required\" name=\"wpforms[fields][1][last]\" aria-errormessage=\"wpforms-2459-field_1-last-error\" required><label for=\"wpforms-2459-field_1-last\" class=\"wpforms-field-sublabel after\">Apellidos<\/label><\/div><\/div><\/fieldset><\/div><div id=\"wpforms-2459-field_2-container\" class=\"wpforms-field wpforms-field-email\" data-field-id=\"2\"><label class=\"wpforms-field-label\" for=\"wpforms-2459-field_2\">Email <span class=\"wpforms-required-label\" aria-hidden=\"true\">*<\/span><\/label><input type=\"email\" id=\"wpforms-2459-field_2\" class=\"wpforms-field-medium wpforms-field-required\" name=\"wpforms[fields][2]\" spellcheck=\"false\" aria-errormessage=\"wpforms-2459-field_2-error\" required><\/div><div id=\"wpforms-2459-field_3-container\" class=\"wpforms-field wpforms-field-email\" data-field-id=\"3\"><label class=\"wpforms-field-label\" for=\"wpforms-2459-field_3\">Correo electr\u00f3nico <span class=\"wpforms-required-label\" aria-hidden=\"true\">*<\/span><\/label><input type=\"email\" id=\"wpforms-2459-field_3\" class=\"wpforms-field-medium wpforms-field-required\" name=\"wpforms[fields][3]\" spellcheck=\"false\" aria-errormessage=\"wpforms-2459-field_3-error\" required><\/div><\/div><!-- .wpforms-field-container --><div class=\"wpforms-submit-container\" ><input type=\"hidden\" name=\"wpforms[id]\" value=\"2459\"><input type=\"hidden\" name=\"page_title\" value=\"\"><input type=\"hidden\" name=\"page_url\" value=\"https:\/\/masquefarmacia.org\/index.php\/wp-json\/wp\/v2\/pages\/2401\"><input type=\"hidden\" name=\"url_referer\" value=\"\"><button type=\"submit\" name=\"wpforms[submit]\" id=\"wpforms-submit-2459\" class=\"wpforms-submit\" data-alt-text=\"Enviando...\" data-submit-text=\"Suscribirme a Newsletter\" aria-live=\"assertive\" value=\"wpforms-submit\">Suscribirme a Newsletter<\/button><img decoding=\"async\" src=\"https:\/\/masquefarmacia.org\/wp-content\/plugins\/wpforms-lite\/assets\/images\/submit-spin.svg\" class=\"wpforms-submit-spinner\" style=\"display: none;\" width=\"26\" height=\"26\" alt=\"Cargando\"><\/div><\/form><\/div>  <!-- .wpforms-container -->\n\n\n\n<p>Notas legales:<\/p>\n\n\n\n<p class=\"has-small-font-size\">Esta Asociaci\u00f3n se manifiesta firmemente comprometida con el cumplimiento de la legalidad vigente, con la \u00e9tica, la transparencia y el buen gobierno y, de manera particular, con la seguridad de los datos de los usuarios de su web. Es por ello que, con ocasi\u00f3n de la aprobaci\u00f3n del Reglamento (UE) 2016\/679 del Parlamento Europeo y del Consejo de 27 de abril de 2016, relativo a la protecci\u00f3n de las personas f\u00edsicas en lo que respecta al tratamiento de datos personales y a la libre circulaci\u00f3n de estos datos y por el que se deroga la Directiva 95\/46\/CE (m\u00e1s conocido como Reglamento General de Protecci\u00f3n de Datos o RGDP), as\u00ed como de la Ley Org\u00e1nica 3\/2018, de 5 de diciembre, de protecci\u00f3n de datos personales y garant\u00edas de los derechos digitales, ha definido la presente Pol\u00edtica de Privacidad y Protecci\u00f3n de Datos.<\/p>\n\n\n\n<p class=\"has-small-font-size\">El Responsable del tratamiento de sus datos es la Asociaci\u00f3n sin \u00e1nimo de lucro M\u00c1S QUE FARMACIA ORG (MQF), organizaci\u00f3n no gubernamental constituida al amparo de lo establecido en la Ley Org\u00e1nica 1\/2002, de 22 de marzo, reguladora del derecho de asociaci\u00f3n, inscrita en el Registro Nacional de Asociaciones del Ministerio del Interior, con el n\u00famero 625282, con CIF -G10922912, y domicilio en Bormujos, en la Calle Jazmines, 30, CP 41930.<\/p>\n\n\n\n<p><sub><sup>Pinchando la opci\u00f3n de asociarse, supone la aceptaci\u00f3n de estas normas legales y nuestra <a href=\"https:\/\/masquefarmacia.org\/index.php\/politica-privacidad\/\" target=\"_blank\" rel=\"noopener\" title=\"\">pol\u00edtica de privacidad, protecci\u00f3n de datos y cookies<\/a>.<\/sup><\/sub><\/p>\n","protected":false},"excerpt":{"rendered":"<p>Est\u00e1s a un solo paso de formar parte de M\u00e1s Que Farmacia&#8230;.. Entidad que busca a trav\u00e9s de la colaboraci\u00f3n entre sectores sanitarios, atender las necesidades sociales que afectan a la salud de personas en riesgo o situaci\u00f3n de exclusi\u00f3n, tanto en Espa\u00f1a como en los Pa\u00edses en Desarrollo. Te contamos en dos minutos quienes [&hellip;]<\/p>\n","protected":false},"author":2,"featured_media":0,"parent":0,"menu_order":0,"comment_status":"closed","ping_status":"closed","template":"","meta":{"_monsterinsights_skip_tracking":false,"_monsterinsights_sitenote_active":false,"_monsterinsights_sitenote_note":"","_monsterinsights_sitenote_category":0,"footnotes":""},"class_list":["post-2401","page","type-page","status-publish","hentry"],"aioseo_notices":[],"jetpack_sharing_enabled":true,"_links":{"self":[{"href":"https:\/\/masquefarmacia.org\/index.php\/wp-json\/wp\/v2\/pages\/2401","targetHints":{"allow":["GET"]}}],"collection":[{"href":"https:\/\/masquefarmacia.org\/index.php\/wp-json\/wp\/v2\/pages"}],"about":[{"href":"https:\/\/masquefarmacia.org\/index.php\/wp-json\/wp\/v2\/types\/page"}],"author":[{"embeddable":true,"href":"https:\/\/masquefarmacia.org\/index.php\/wp-json\/wp\/v2\/users\/2"}],"replies":[{"embeddable":true,"href":"https:\/\/masquefarmacia.org\/index.php\/wp-json\/wp\/v2\/comments?post=2401"}],"version-history":[{"count":12,"href":"https:\/\/masquefarmacia.org\/index.php\/wp-json\/wp\/v2\/pages\/2401\/revisions"}],"predecessor-version":[{"id":2477,"href":"https:\/\/masquefarmacia.org\/index.php\/wp-json\/wp\/v2\/pages\/2401\/revisions\/2477"}],"wp:attachment":[{"href":"https:\/\/masquefarmacia.org\/index.php\/wp-json\/wp\/v2\/media?parent=2401"}],"curies":[{"name":"wp","href":"https:\/\/api.w.org\/{rel}","templated":true}]}}