{"id":252,"date":"2022-06-15T12:17:57","date_gmt":"2022-06-15T12:17:57","guid":{"rendered":"http:\/\/masquefarmacia.org\/?page_id=252"},"modified":"2023-12-07T11:58:31","modified_gmt":"2023-12-07T11:58:31","slug":"farmacooperando","status":"publish","type":"page","link":"https:\/\/masquefarmacia.org\/index.php\/farmacooperando\/","title":{"rendered":"FARMACOOPERANDO"},"content":{"rendered":"\n<p><strong>Diciembre 2023 &#8211; Cooperaci\u00f3n Guatemala. Complementaci\u00f3n de farmacia<\/strong><\/p>\n\n\n\n<p>En colaboraci\u00f3n con nuestros compa\u00f1eros de la Fundaci\u00f3n Manuel Madrazo, nuestros cooperantes han hecho entrega de medicamentos y material sanitario que hemos donado para complementar la farmacia del Centro de Promoci\u00f3n Social \u201cTuncusha\u201d en Quezaltepeque de la Asociaci\u00f3n Paz y Bien. Tambi\u00e9n aprovechamos para coordinar acciones en el departamento de Chiquimulas.<\/p>\n\n\n\n<figure class=\"wp-block-image size-large is-resized\"><img fetchpriority=\"high\" decoding=\"async\" src=\"https:\/\/masquefarmacia.org\/wp-content\/uploads\/2023\/12\/IMG_0381-1024x768.jpeg\" alt=\"\" class=\"wp-image-1302\" width=\"471\" height=\"353\" srcset=\"https:\/\/masquefarmacia.org\/wp-content\/uploads\/2023\/12\/IMG_0381-1024x768.jpeg 1024w, https:\/\/masquefarmacia.org\/wp-content\/uploads\/2023\/12\/IMG_0381-300x225.jpeg 300w, https:\/\/masquefarmacia.org\/wp-content\/uploads\/2023\/12\/IMG_0381-768x576.jpeg 768w, https:\/\/masquefarmacia.org\/wp-content\/uploads\/2023\/12\/IMG_0381-600x450.jpeg 600w, https:\/\/masquefarmacia.org\/wp-content\/uploads\/2023\/12\/IMG_0381.jpeg 1320w\" sizes=\"(max-width: 471px) 100vw, 471px\" \/><\/figure>\n\n\n\n<figure class=\"wp-block-image size-large is-resized\"><img decoding=\"async\" src=\"https:\/\/masquefarmacia.org\/wp-content\/uploads\/2023\/12\/IMG_0382-768x1024.jpeg\" alt=\"\" class=\"wp-image-1303\" width=\"462\" height=\"616\" srcset=\"https:\/\/masquefarmacia.org\/wp-content\/uploads\/2023\/12\/IMG_0382-768x1024.jpeg 768w, https:\/\/masquefarmacia.org\/wp-content\/uploads\/2023\/12\/IMG_0382-225x300.jpeg 225w, https:\/\/masquefarmacia.org\/wp-content\/uploads\/2023\/12\/IMG_0382-600x800.jpeg 600w, https:\/\/masquefarmacia.org\/wp-content\/uploads\/2023\/12\/IMG_0382.jpeg 1152w\" sizes=\"(max-width: 462px) 100vw, 462px\" \/><\/figure>\n\n\n\n<figure class=\"wp-block-image size-large is-resized\"><img decoding=\"async\" src=\"https:\/\/masquefarmacia.org\/wp-content\/uploads\/2023\/12\/IMG_0383-768x1024.jpeg\" alt=\"\" class=\"wp-image-1304\" width=\"464\" height=\"618\" srcset=\"https:\/\/masquefarmacia.org\/wp-content\/uploads\/2023\/12\/IMG_0383-768x1024.jpeg 768w, https:\/\/masquefarmacia.org\/wp-content\/uploads\/2023\/12\/IMG_0383-225x300.jpeg 225w, https:\/\/masquefarmacia.org\/wp-content\/uploads\/2023\/12\/IMG_0383-600x800.jpeg 600w, https:\/\/masquefarmacia.org\/wp-content\/uploads\/2023\/12\/IMG_0383.jpeg 1152w\" sizes=\"(max-width: 464px) 100vw, 464px\" \/><\/figure>\n\n\n\n<figure class=\"wp-block-image size-large is-resized\"><img loading=\"lazy\" decoding=\"async\" src=\"https:\/\/masquefarmacia.org\/wp-content\/uploads\/2023\/12\/IMG_0384-768x1024.jpeg\" alt=\"\" class=\"wp-image-1305\" width=\"462\" height=\"617\" srcset=\"https:\/\/masquefarmacia.org\/wp-content\/uploads\/2023\/12\/IMG_0384-768x1024.jpeg 768w, https:\/\/masquefarmacia.org\/wp-content\/uploads\/2023\/12\/IMG_0384-225x300.jpeg 225w, https:\/\/masquefarmacia.org\/wp-content\/uploads\/2023\/12\/IMG_0384-600x800.jpeg 600w, https:\/\/masquefarmacia.org\/wp-content\/uploads\/2023\/12\/IMG_0384.jpeg 1152w\" sizes=\"(max-width: 462px) 100vw, 462px\" \/><\/figure>\n\n\n\n<p><strong>Julio 2023 &#8211; Cooperaci\u00f3n Uganda. Higiene, nutrici\u00f3n y Salud<\/strong><\/p>\n\n\n\n<p>Hemos colaborado con el Colegio Entreolivos de Sevilla en su proyecto de voluntariado en Uganda en el cual van a desarrollar talleres escolares de higiene y nutrici\u00f3n en escuelas del colegio Kysakie Nursey y la Primary School de Abaita Ababiri y clases de educaci\u00f3n sobre cuidados de salud y atenci\u00f3n m\u00e9dica b\u00e1sica en los dispensarios m\u00e9dicos en los poblados de Lyamutundwe y Kisubi.<\/p>\n\n\n\n<p>Tambi\u00e9n han impartido clases en colegios, acompa\u00f1ado ni\u00f1os y mayores con discapacidad de un centro para personas sin hogar y ha entregado a familias de los poblados visitados toda la comida y productos de higiene y primera necesidad.&nbsp;<br>Desde M\u00e1s que Farmacia le hemos preparado el material de higiene y sanitario para la formaci\u00f3n de dichos talleres de higiene y salud, as\u00ed como la donaci\u00f3n de los productos de sanidad e higiene para la poblaci\u00f3n.<\/p>\n\n\n\n<figure class=\"wp-block-image size-full is-resized\"><img loading=\"lazy\" decoding=\"async\" src=\"https:\/\/masquefarmacia.org\/wp-content\/uploads\/2023\/12\/fbd728d4-50bc-48e6-ab3e-b85857c169a7.jpeg\" alt=\"\" class=\"wp-image-1292\" width=\"397\" height=\"529\" srcset=\"https:\/\/masquefarmacia.org\/wp-content\/uploads\/2023\/12\/fbd728d4-50bc-48e6-ab3e-b85857c169a7.jpeg 768w, https:\/\/masquefarmacia.org\/wp-content\/uploads\/2023\/12\/fbd728d4-50bc-48e6-ab3e-b85857c169a7-225x300.jpeg 225w, https:\/\/masquefarmacia.org\/wp-content\/uploads\/2023\/12\/fbd728d4-50bc-48e6-ab3e-b85857c169a7-600x800.jpeg 600w\" sizes=\"(max-width: 397px) 100vw, 397px\" \/><\/figure>\n\n\n\n<figure class=\"wp-block-image size-full is-resized\"><img loading=\"lazy\" decoding=\"async\" src=\"https:\/\/masquefarmacia.org\/wp-content\/uploads\/2023\/12\/IMG_0377.jpeg\" alt=\"\" class=\"wp-image-1296\" width=\"395\" height=\"526\" srcset=\"https:\/\/masquefarmacia.org\/wp-content\/uploads\/2023\/12\/IMG_0377.jpeg 768w, https:\/\/masquefarmacia.org\/wp-content\/uploads\/2023\/12\/IMG_0377-225x300.jpeg 225w, https:\/\/masquefarmacia.org\/wp-content\/uploads\/2023\/12\/IMG_0377-600x800.jpeg 600w\" sizes=\"(max-width: 395px) 100vw, 395px\" \/><\/figure>\n\n\n\n<figure class=\"wp-block-image size-full is-resized\"><img loading=\"lazy\" decoding=\"async\" src=\"https:\/\/masquefarmacia.org\/wp-content\/uploads\/2023\/12\/IMG_0378.jpeg\" alt=\"\" class=\"wp-image-1297\" width=\"393\" height=\"524\" srcset=\"https:\/\/masquefarmacia.org\/wp-content\/uploads\/2023\/12\/IMG_0378.jpeg 768w, https:\/\/masquefarmacia.org\/wp-content\/uploads\/2023\/12\/IMG_0378-225x300.jpeg 225w, https:\/\/masquefarmacia.org\/wp-content\/uploads\/2023\/12\/IMG_0378-600x800.jpeg 600w\" sizes=\"(max-width: 393px) 100vw, 393px\" \/><\/figure>\n\n\n\n<figure class=\"wp-block-image size-full is-resized\"><img loading=\"lazy\" decoding=\"async\" src=\"https:\/\/masquefarmacia.org\/wp-content\/uploads\/2023\/12\/IMG_0379.jpeg\" alt=\"\" class=\"wp-image-1299\" width=\"393\" height=\"524\" srcset=\"https:\/\/masquefarmacia.org\/wp-content\/uploads\/2023\/12\/IMG_0379.jpeg 768w, https:\/\/masquefarmacia.org\/wp-content\/uploads\/2023\/12\/IMG_0379-225x300.jpeg 225w, https:\/\/masquefarmacia.org\/wp-content\/uploads\/2023\/12\/IMG_0379-600x800.jpeg 600w\" sizes=\"(max-width: 393px) 100vw, 393px\" \/><\/figure>\n\n\n\n<p><strong>Junio 2023 &#8211; Cooperacion Guatemala<\/strong>. <strong>Odontolog\u00eda.<\/strong><\/p>\n\n\n\n<p>Hemos colaborado con la Fundaci\u00f3n Madrazo y con Asociaci\u00f3n Paz y Bien de Guatemala, en las I JORNADAS ODONTOL\u00d3GICAS para todas las personas que lo necesiten del municipio Quetzaltepeque, en Guatemala, con la finalidad de acercar los servicios de salud dental a la poblaci\u00f3n m\u00e1s vulnerable.<br><br>Dichas jornadas han sido posible gracias a la colaboraci\u00f3n desinteresada de la Cl\u00ednica Dres. Gal\u00e1n &amp; Pel\u00e1ez de Sevilla, con su equipo de profesionales expertos en odontolog\u00eda que se han desplazado hasta all\u00ed y que estar\u00e1n por Guatemala del 5 al 16 de Junio en el centro cl\u00ednico de Tucunsh\u00e1 de Paz y Bien, en horario de 8 a 17 horas, atendiendo diariamente a m\u00e1s de 40 pacientes.<\/p>\n\n\n\n<p>Desde M\u00e1s que Farmacia se ha proporcionado toda la medicaci\u00f3n necesaria (metamizol, ibuprofeno, paracetamos, dexketoprofeno, etc), as\u00ed como la dispensaci\u00f3n de los mismos por parte de nuestras voluntarias, a los pacientes que han pasado por las consultas ondontol\u00f3gicas y han necesitado de tratamiento.<\/p>\n\n\n\n<figure class=\"wp-block-image size-full is-resized\"><img loading=\"lazy\" decoding=\"async\" src=\"https:\/\/masquefarmacia.org\/wp-content\/uploads\/2023\/06\/576834b8-fee2-43ff-b4e0-79d48fd53b81-1.jpeg\" alt=\"\" class=\"wp-image-985\" width=\"280\" height=\"372\" srcset=\"https:\/\/masquefarmacia.org\/wp-content\/uploads\/2023\/06\/576834b8-fee2-43ff-b4e0-79d48fd53b81-1.jpeg 768w, https:\/\/masquefarmacia.org\/wp-content\/uploads\/2023\/06\/576834b8-fee2-43ff-b4e0-79d48fd53b81-1-225x300.jpeg 225w, https:\/\/masquefarmacia.org\/wp-content\/uploads\/2023\/06\/576834b8-fee2-43ff-b4e0-79d48fd53b81-1-600x800.jpeg 600w\" sizes=\"(max-width: 280px) 100vw, 280px\" \/><\/figure>\n\n\n\n<figure class=\"wp-block-image size-large is-resized\"><img loading=\"lazy\" decoding=\"async\" src=\"https:\/\/masquefarmacia.org\/wp-content\/uploads\/2023\/06\/a90e2ae0-a047-4f06-b62b-e22eceb5af37-1-1024x919.jpeg\" alt=\"\" class=\"wp-image-986\" width=\"430\" height=\"385\" srcset=\"https:\/\/masquefarmacia.org\/wp-content\/uploads\/2023\/06\/a90e2ae0-a047-4f06-b62b-e22eceb5af37-1-1024x919.jpeg 1024w, https:\/\/masquefarmacia.org\/wp-content\/uploads\/2023\/06\/a90e2ae0-a047-4f06-b62b-e22eceb5af37-1-300x269.jpeg 300w, https:\/\/masquefarmacia.org\/wp-content\/uploads\/2023\/06\/a90e2ae0-a047-4f06-b62b-e22eceb5af37-1-768x689.jpeg 768w, https:\/\/masquefarmacia.org\/wp-content\/uploads\/2023\/06\/a90e2ae0-a047-4f06-b62b-e22eceb5af37-1-1536x1378.jpeg 1536w, https:\/\/masquefarmacia.org\/wp-content\/uploads\/2023\/06\/a90e2ae0-a047-4f06-b62b-e22eceb5af37-1-1320x1184.jpeg 1320w, https:\/\/masquefarmacia.org\/wp-content\/uploads\/2023\/06\/a90e2ae0-a047-4f06-b62b-e22eceb5af37-1-600x538.jpeg 600w, https:\/\/masquefarmacia.org\/wp-content\/uploads\/2023\/06\/a90e2ae0-a047-4f06-b62b-e22eceb5af37-1.jpeg 1585w\" sizes=\"(max-width: 430px) 100vw, 430px\" \/><\/figure>\n\n\n\n<figure class=\"wp-block-image size-large is-resized\"><img loading=\"lazy\" decoding=\"async\" src=\"https:\/\/masquefarmacia.org\/wp-content\/uploads\/2023\/06\/226519a3-14b1-4ae7-b15f-dbe6b78134b2-1-576x1024.jpeg\" alt=\"\" class=\"wp-image-987\" width=\"264\" height=\"469\" srcset=\"https:\/\/masquefarmacia.org\/wp-content\/uploads\/2023\/06\/226519a3-14b1-4ae7-b15f-dbe6b78134b2-1-576x1024.jpeg 576w, https:\/\/masquefarmacia.org\/wp-content\/uploads\/2023\/06\/226519a3-14b1-4ae7-b15f-dbe6b78134b2-1-169x300.jpeg 169w, https:\/\/masquefarmacia.org\/wp-content\/uploads\/2023\/06\/226519a3-14b1-4ae7-b15f-dbe6b78134b2-1-600x1067.jpeg 600w, https:\/\/masquefarmacia.org\/wp-content\/uploads\/2023\/06\/226519a3-14b1-4ae7-b15f-dbe6b78134b2-1.jpeg 720w\" sizes=\"(max-width: 264px) 100vw, 264px\" \/><\/figure>\n\n\n\n<figure class=\"wp-block-image size-large is-resized\"><img loading=\"lazy\" decoding=\"async\" src=\"https:\/\/masquefarmacia.org\/wp-content\/uploads\/2023\/06\/IMG_5322-1-768x1024.jpeg\" alt=\"\" class=\"wp-image-988\" width=\"299\" height=\"399\" srcset=\"https:\/\/masquefarmacia.org\/wp-content\/uploads\/2023\/06\/IMG_5322-1-768x1024.jpeg 768w, https:\/\/masquefarmacia.org\/wp-content\/uploads\/2023\/06\/IMG_5322-1-225x300.jpeg 225w, https:\/\/masquefarmacia.org\/wp-content\/uploads\/2023\/06\/IMG_5322-1-1152x1536.jpeg 1152w, https:\/\/masquefarmacia.org\/wp-content\/uploads\/2023\/06\/IMG_5322-1-1320x1760.jpeg 1320w, https:\/\/masquefarmacia.org\/wp-content\/uploads\/2023\/06\/IMG_5322-1-600x800.jpeg 600w, https:\/\/masquefarmacia.org\/wp-content\/uploads\/2023\/06\/IMG_5322-1.jpeg 1350w\" sizes=\"(max-width: 299px) 100vw, 299px\" \/><\/figure>\n","protected":false},"excerpt":{"rendered":"<p>Diciembre 2023 &#8211; Cooperaci\u00f3n Guatemala. Complementaci\u00f3n de farmacia En colaboraci\u00f3n con nuestros compa\u00f1eros de la Fundaci\u00f3n Manuel Madrazo, nuestros cooperantes han hecho entrega de medicamentos y material sanitario que hemos donado para complementar la farmacia del Centro de Promoci\u00f3n Social \u201cTuncusha\u201d en Quezaltepeque de la Asociaci\u00f3n Paz y Bien. Tambi\u00e9n aprovechamos para coordinar acciones en [&hellip;]<\/p>\n","protected":false},"author":2,"featured_media":0,"parent":0,"menu_order":0,"comment_status":"closed","ping_status":"closed","template":"","meta":{"_monsterinsights_skip_tracking":false,"_monsterinsights_sitenote_active":false,"_monsterinsights_sitenote_note":"","_monsterinsights_sitenote_category":0,"footnotes":""},"class_list":["post-252","page","type-page","status-publish","hentry"],"aioseo_notices":[],"jetpack_sharing_enabled":true,"_links":{"self":[{"href":"https:\/\/masquefarmacia.org\/index.php\/wp-json\/wp\/v2\/pages\/252","targetHints":{"allow":["GET"]}}],"collection":[{"href":"https:\/\/masquefarmacia.org\/index.php\/wp-json\/wp\/v2\/pages"}],"about":[{"href":"https:\/\/masquefarmacia.org\/index.php\/wp-json\/wp\/v2\/types\/page"}],"author":[{"embeddable":true,"href":"https:\/\/masquefarmacia.org\/index.php\/wp-json\/wp\/v2\/users\/2"}],"replies":[{"embeddable":true,"href":"https:\/\/masquefarmacia.org\/index.php\/wp-json\/wp\/v2\/comments?post=252"}],"version-history":[{"count":8,"href":"https:\/\/masquefarmacia.org\/index.php\/wp-json\/wp\/v2\/pages\/252\/revisions"}],"predecessor-version":[{"id":1306,"href":"https:\/\/masquefarmacia.org\/index.php\/wp-json\/wp\/v2\/pages\/252\/revisions\/1306"}],"wp:attachment":[{"href":"https:\/\/masquefarmacia.org\/index.php\/wp-json\/wp\/v2\/media?parent=252"}],"curies":[{"name":"wp","href":"https:\/\/api.w.org\/{rel}","templated":true}]}}