{"id":257,"date":"2022-06-15T12:21:37","date_gmt":"2022-06-15T12:21:37","guid":{"rendered":"http:\/\/masquefarmacia.org\/?page_id=257"},"modified":"2026-01-09T19:41:50","modified_gmt":"2026-01-09T19:41:50","slug":"salud-comunitaria","status":"publish","type":"page","link":"https:\/\/masquefarmacia.org\/index.php\/salud-comunitaria\/","title":{"rendered":"+QSALUDABLE"},"content":{"rendered":"<div data-colibri-id=\"257-c1\" class=\"style-651 style-local-257-c1 position-relative\">\n  <!---->\n  <div data-colibri-component=\"section\" data-colibri-id=\"257-c2\" id=\"definiciones\" class=\"h-section h-section-global-spacing d-flex align-items-lg-center align-items-md-center align-items-center style-676 style-local-257-c2 position-relative\">\n    <!---->\n    <!---->\n    <div class=\"h-section-grid-container h-section-boxed-container\">\n      <!---->\n      <div data-colibri-id=\"257-c3\" class=\"h-row-container gutters-row-lg-2 gutters-row-md-0 gutters-row-2 gutters-row-v-lg-2 gutters-row-v-md-0 gutters-row-v-2 style-677 style-local-257-c3 position-relative\">\n        <!---->\n        <div class=\"h-row justify-content-lg-center justify-content-md-center justify-content-center align-items-lg-stretch align-items-md-stretch align-items-stretch gutters-col-lg-2 gutters-col-md-0 gutters-col-2 gutters-col-v-lg-2 gutters-col-v-md-0 gutters-col-v-2\">\n          <!---->\n          <div class=\"h-column h-column-container d-flex h-col-lg-4 h-col-md-4 h-col-12 style-678-outer style-local-257-c4-outer\">\n            <div data-colibri-id=\"257-c4\" class=\"d-flex h-flex-basis h-column__inner h-px-lg-2 h-px-md-3 h-px-2 v-inner-lg-0 v-inner-md-3 v-inner-2 style-678 style-local-257-c4 position-relative\">\n              <!---->\n              <!---->\n              <div class=\"w-100 h-y-container h-column__content h-column__v-align flex-basis-100 align-self-lg-start align-self-md-start align-self-start\">\n                <!---->\n                <div data-colibri-id=\"257-c5\" class=\"h-icon style-679 style-local-257-c5 position-relative h-element\">\n                  <!----><span class=\"h-svg-icon h-icon__icon style-679-icon style-local-257-c5-icon\"><!--Icon by Icons8 Line Awesome (https:\/\/icons8.com\/line-awesome)--><svg version=\"1.1\" xmlns=\"http:\/\/www.w3.org\/2000\/svg\" xmlns:xlink=\"http:\/\/www.w3.org\/1999\/xlink\" id=\"clone\" viewBox=\"0 0 512 545.5\"><path d=\"M80 112h272v64h-32v-32H112v208h32v32H80V112zm80 80h272v272H160V192zm32 32v208h208V224H192z\"><\/path><\/svg><\/span><\/div>\n                <div\n                  data-colibri-id=\"257-c6\" class=\"h-global-transition-all h-heading style-680 style-local-257-c6 position-relative h-element\">\n                  <!---->\n                  <div class=\"h-heading__outer style-680 style-local-257-c6\">\n                    <!---->\n                    <!---->\n                    <h5 class=\"\">DETERMINANTES SOCIALES DE LA SALUD<\/h5>\n                  <\/div>\n              <\/div>\n              <div data-colibri-id=\"257-c7\" class=\"h-text h-text-component style-681 style-local-257-c7 position-relative h-element\">\n                <!---->\n                <!---->\n                <div class=\"\">\n                  <p>Los determinantes sociales de la salud son las condiciones en las que las personas nacen, crecen, viven, trabajan y envejecen.\n                    <br> Incluyen factores como la educaci\u00f3n, el empleo, el ingreso, el entorno f\u00edsico y el acceso a servicios sanitarios.\n                    <br> Determinan en gran medida las desigualdades en salud y el bienestar de las poblaciones.<\/p>\n                <\/div>\n              <\/div>\n            <\/div>\n          <\/div>\n        <\/div>\n        <div class=\"h-column h-column-container d-flex h-col-lg-4 h-col-md-4 h-col-12 style-678-outer style-local-257-c8-outer\">\n          <div data-colibri-id=\"257-c8\" class=\"d-flex h-flex-basis h-column__inner h-px-lg-2 h-px-md-3 h-px-2 v-inner-lg-0 v-inner-md-3 v-inner-2 style-678 style-local-257-c8 position-relative\">\n            <!---->\n            <!---->\n            <div class=\"w-100 h-y-container h-column__content h-column__v-align flex-basis-100 align-self-lg-start align-self-md-start align-self-start\">\n              <!---->\n              <div data-colibri-id=\"257-c9\" class=\"h-icon style-679 style-local-257-c9 position-relative h-element\">\n                <!----><span class=\"h-svg-icon h-icon__icon style-679-icon style-local-257-c9-icon\"><!--Icon by Icons8 Line Awesome (https:\/\/icons8.com\/line-awesome)--><svg version=\"1.1\" xmlns=\"http:\/\/www.w3.org\/2000\/svg\" xmlns:xlink=\"http:\/\/www.w3.org\/1999\/xlink\" id=\"gears\" viewBox=\"0 0 512 545.5\"><path d=\"M344 72h32v22.5c13.256 2.334 25.375 7.58 36 15l15-15 22.5 22.5-15 15c7.42 10.625 12.666 22.744 15 36H472v32h-22.5c-2.357 13.388-7.46 25.802-15 36.5L450 253l-23.5 22-15-16c-10.494 7.212-22.48 12.208-35.5 14.5V296h-32v-22.5c-13.256-2.334-25.375-7.58-36-15l-16.5 17-23-23 17-16.5c-7.42-10.625-12.666-22.744-15-36H248v-32h22.5c2.292-13.02 7.288-25.006 14.5-35.5l-16-15L291 94l16.5 15.5c10.698-7.54 23.112-12.643 36.5-15V72zm16 53c-32.885 0-59 26.115-59 59s26.115 59 59 59 59-26.115 59-59-26.115-59-59-59zm-207.5 94.5l11.5 29c8.477-2.118 17.388-3.5 26.5-3.5 9.13 0 18.015 1.362 26.5 3.5l11.5-29 29.5 12-11.5 29c15.108 9.133 27.874 21.944 37 37l29-11.5 12 29.5-29 11.5c2.118 8.458 3.5 17.388 3.5 26.5s-1.382 18.023-3.5 26.5l29 11.5-12 29.5-29-11.5c-9.107 15.23-21.88 28.264-37 37.5l11.5 28.5-29.5 12L217 459c-8.458 2.138-17.388 3.5-26.5 3.5-9.166 0-17.972-1.345-26.5-3.5l-11.5 28.5-29.5-12 11.5-28.5c-15.37-9.23-28.246-22.145-37.5-37.5L68.5 421l-12-29.5L85 380c-2.138-8.477-3.5-17.388-3.5-26.5s1.362-18.042 3.5-26.5l-28.5-11.5 12-29.5L97 297.5c9.236-15.12 22.27-27.893 37.5-37l-11.5-29zm38 57.5c-42.605 0-77 33.895-77 76.5s34.395 77 77 77 76.5-34.395 76.5-77-33.895-76.5-76.5-76.5z\"><\/path><\/svg><\/span><\/div>\n              <div\n                data-colibri-id=\"257-c10\" class=\"h-global-transition-all h-heading style-680 style-local-257-c10 position-relative h-element\">\n                <!---->\n                <div class=\"h-heading__outer style-680 style-local-257-c10\">\n                  <!---->\n                  <!---->\n                  <h5 class=\"\">ACTIVOS EN SALUD<\/h5>\n                <\/div>\n            <\/div>\n            <div data-colibri-id=\"257-c11\" class=\"h-text h-text-component style-681 style-local-257-c11 position-relative h-element\">\n              <!---->\n              <!---->\n              <div class=\"\">\n                <p>Los activos en salud son recursos y factores positivos que potencian la salud y el bienestar de las personas y comunidades.\n                  <br> Pueden ser individuales (como habilidades personales), sociales (como redes de apoyo) o comunitarios (como espacios p\u00fablicos o asociaciones).&nbsp;Su enfoque se centra en fortalecer lo que funciona bien para mejorar la salud desde una\n                  perspectiva positiva y participativa.<\/p>\n              <\/div>\n            <\/div>\n          <\/div>\n        <\/div>\n      <\/div>\n      <div class=\"h-column h-column-container d-flex h-col-lg-4 h-col-md-4 h-col-12 style-678-outer style-local-257-c12-outer\">\n        <div data-colibri-id=\"257-c12\" class=\"d-flex h-flex-basis h-column__inner h-px-lg-2 h-px-md-3 h-px-2 v-inner-lg-0 v-inner-md-3 v-inner-2 style-678 style-local-257-c12 position-relative\">\n          <!---->\n          <!---->\n          <div class=\"w-100 h-y-container h-column__content h-column__v-align flex-basis-100 align-self-lg-start align-self-md-start align-self-start\">\n            <!---->\n            <div data-colibri-id=\"257-c13\" class=\"h-icon style-679 style-local-257-c13 position-relative h-element\">\n              <!----><span class=\"h-svg-icon h-icon__icon style-679-icon style-local-257-c13-icon\"><!--Icon by Font Awesome (https:\/\/fontawesome.com)-->\n    <svg version=\"1.1\" xmlns=\"http:\/\/www.w3.org\/2000\/svg\" xmlns:xlink=\"http:\/\/www.w3.org\/1999\/xlink\" id=\"heart\" viewBox=\"0 0 1792 1896.0833\">\n      <path d=\"M896 1664q-26 0-44-18l-624-602q-10-8-27.5-26T145 952.5 77 855 23.5 734 0 596q0-220 127-344t351-124q62 0 126.5 21.5t120 58T820 276t76 68q36-36 76-68t95.5-68.5 120-58T1314 128q224 0 351 124t127 344q0 221-229 450l-623 600q-18 18-44 18z\"><\/path>\n    <\/svg><\/span><\/div>\n            <div data-colibri-id=\"257-c14\" class=\"h-global-transition-all h-heading style-680 style-local-257-c14 position-relative h-element\">\n              <!---->\n              <div class=\"h-heading__outer style-680 style-local-257-c14\">\n                <!---->\n                <!---->\n                <h5 class=\"\">PROMOCI\u00d3N DE LA SALUD<\/h5>\n              <\/div>\n            <\/div>\n            <div data-colibri-id=\"257-c15\" class=\"h-text h-text-component style-681 style-local-257-c15 position-relative h-element\">\n              <!---->\n              <!---->\n              <div class=\"\">\n                <p>La promoci\u00f3n de la salud es el proceso que permite a las personas y comunidades aumentar el control sobre los determinantes de su salud para mejorarla.\n                  <br> Va m\u00e1s all\u00e1 de la prevenci\u00f3n de enfermedades, fomentando entornos, pol\u00edticas y estilos de vida saludables.\n                  <br> Implica participaci\u00f3n activa, empoderamiento y acci\u00f3n intersectorial para lograr una mejor calidad de vida..<\/p>\n              <\/div>\n            <\/div>\n          <\/div>\n        <\/div>\n      <\/div>\n    <\/div>\n  <\/div>\n<\/div>\n<\/div>\n<div data-colibri-component=\"section\" data-colibri-id=\"257-c16\" id=\"custom\" class=\"h-section h-section-global-spacing d-flex align-items-lg-center align-items-md-center align-items-center style-938 style-local-257-c16 position-relative\">\n  <!---->\n  <!---->\n  <div class=\"h-section-grid-container h-section-boxed-container\">\n    <!---->\n    <div data-colibri-id=\"257-c17\" class=\"h-row-container gutters-row-lg-2 gutters-row-md-2 gutters-row-0 gutters-row-v-lg-2 gutters-row-v-md-2 gutters-row-v-2 style-939 style-local-257-c17 position-relative\">\n      <!---->\n      <div class=\"h-row justify-content-lg-center justify-content-md-center justify-content-center align-items-lg-stretch align-items-md-stretch align-items-stretch gutters-col-lg-2 gutters-col-md-2 gutters-col-0 gutters-col-v-lg-2 gutters-col-v-md-2 gutters-col-v-2\">\n        <!---->\n        <div class=\"h-column h-column-container d-flex h-col-lg-auto h-col-md-auto h-col-auto style-940-outer style-local-257-c18-outer\">\n          <div data-colibri-id=\"257-c18\" class=\"d-flex h-flex-basis h-column__inner h-px-lg-2 h-px-md-2 h-px-2 v-inner-lg-2 v-inner-md-2 v-inner-2 style-940 style-local-257-c18 position-relative\">\n            <!---->\n            <!---->\n            <div class=\"w-100 h-y-container h-column__content h-column__v-align flex-basis-100 align-self-lg-start align-self-md-start align-self-start\">\n              <!---->\n              <div data-colibri-id=\"257-c19\" class=\"d-block style-941 style-local-257-c19 position-relative h-element\">\n                <!---->\n                <div class=\"h-image__frame-container-outer\">\n                  <a href=\"https:\/\/masquefarmacia.org\/index.php\/podcast-qsaludable\/\" h-use-smooth-scroll=\"true\" class=\"image-link\">\n                    <div class=\"h-image__frame-container\">\n                      <!---->\n                      <!---->\n                      <img fetchpriority=\"high\" decoding=\"async\" width=\"1340\" height=\"300\" src=\"https:\/\/masquefarmacia.org\/wp-content\/uploads\/2026\/01\/cropped-banner_podcastMQS-1-1.png\" class=\"wp-image-4710 style-941-image style-local-257-c19-image\" alt=\"\" srcset=\"https:\/\/masquefarmacia.org\/wp-content\/uploads\/2026\/01\/cropped-banner_podcastMQS-1-1.png 1340w, https:\/\/masquefarmacia.org\/wp-content\/uploads\/2026\/01\/cropped-banner_podcastMQS-1-1-300x67.png 300w, https:\/\/masquefarmacia.org\/wp-content\/uploads\/2026\/01\/cropped-banner_podcastMQS-1-1-1024x229.png 1024w, https:\/\/masquefarmacia.org\/wp-content\/uploads\/2026\/01\/cropped-banner_podcastMQS-1-1-768x172.png 768w, https:\/\/masquefarmacia.org\/wp-content\/uploads\/2026\/01\/cropped-banner_podcastMQS-1-1-600x134.png 600w\" sizes=\"(max-width: 1340px) 100vw, 1340px\" \/>\n                      <div class=\"h-image__frame h-hide-lg h-hide-md h-hide-sm style-941-frameImage style-local-257-c19-frameImage\"><\/div>\n                    <\/div>\n                  <\/a>\n                <\/div>\n              <\/div>\n            <\/div>\n          <\/div>\n        <\/div>\n      <\/div>\n    <\/div>\n  <\/div>\n<\/div>\n<div data-colibri-component=\"section\" data-colibri-id=\"257-c20\" id=\"contenido\" class=\"h-section h-section-global-spacing d-flex align-items-lg-center align-items-md-center align-items-center style-665 style-local-257-c20 position-relative\">\n  <!---->\n  <!---->\n  <div class=\"h-section-grid-container h-section-fluid-container\">\n    <!---->\n    <div data-colibri-id=\"257-c21\" class=\"h-row-container gutters-row-lg-0 gutters-row-md-0 gutters-row-2 gutters-row-v-lg-0 gutters-row-v-md-0 gutters-row-v-2 style-666 style-local-257-c21 position-relative\">\n      <!---->\n      <div class=\"h-row justify-content-lg-center justify-content-md-center justify-content-center align-items-lg-stretch align-items-md-stretch align-items-stretch gutters-col-lg-0 gutters-col-md-0 gutters-col-2 gutters-col-v-lg-0 gutters-col-v-md-0 gutters-col-v-2\">\n        <!---->\n        <div class=\"h-column h-column-container d-flex h-col-lg-auto h-col-md-auto h-col-auto style-667-outer style-local-257-c22-outer\">\n          <div data-colibri-id=\"257-c22\" class=\"d-flex h-flex-basis h-column__inner h-px-lg-0 h-px-md-0 h-px-0 v-inner-lg-0 v-inner-md-0 v-inner-0 style-667 style-local-257-c22 position-relative\">\n            <!---->\n            <!---->\n            <div class=\"w-100 h-y-container h-column__content h-column__v-align flex-basis-100 align-self-lg-start align-self-md-start align-self-start\">\n              <!---->\n              <div data-colibri-id=\"257-c23\" class=\"h-global-transition-all h-heading style-668 style-local-257-c23 position-relative h-element\">\n                <!---->\n                <div class=\"h-heading__outer style-668 style-local-257-c23\">\n                  <!---->\n                  <!---->\n                  <h4 class=\"\">PROYECTO M\u00c1S QUE SALUDABLE<\/h4>\n                <\/div>\n              <\/div>\n              <div data-colibri-id=\"257-c24\" class=\"h-global-transition-all h-heading style-669 style-local-257-c24 position-relative h-element\">\n                <!---->\n                <div class=\"h-heading__outer style-669 style-local-257-c24\">\n                  <!---->\n                  <!---->\n                  <h2 class=\"\">Acci\u00f3n en Salud Comunitaria<\/h2>\n                <\/div>\n              <\/div>\n              <div data-colibri-id=\"257-c25\" class=\"h-text h-text-component style-670 style-local-257-c25 position-relative h-element\">\n                <!---->\n                <!---->\n                <div class=\"\">\n                  <p>La acci\u00f3n comunitaria en salud fortalece el tejido social y promueve la participaci\u00f3n activa de la ciudadan\u00eda en el cuidado de su bienestar. Este trabajo es mucho m\u00e1s destacado en comunidades vulnerables, en las que el trabajo en promoci\u00f3n\n                    de la salud es cr\u00edtico para su bienestar.&nbsp;<\/p>\n                <\/div>\n              <\/div>\n              <div data-colibri-id=\"257-c26\" class=\"h-row-container gutters-row-lg-2 gutters-row-md-2 gutters-row-0 gutters-row-v-lg-2 gutters-row-v-md-2 gutters-row-v-0 style-671 style-local-257-c26 position-relative\">\n                <!---->\n                <div class=\"h-row justify-content-lg-center justify-content-md-center justify-content-center align-items-lg-stretch align-items-md-stretch align-items-stretch gutters-col-lg-2 gutters-col-md-2 gutters-col-0 gutters-col-v-lg-2 gutters-col-v-md-2 gutters-col-v-0\">\n                  <!---->\n                  <div class=\"h-column h-column-container d-flex h-col-lg-6 h-col-md-6 h-col-6 style-672-outer style-local-257-c27-outer\">\n                    <div data-colibri-id=\"257-c27\" class=\"d-flex h-flex-basis h-column__inner h-px-lg-0 h-px-md-0 h-px-0 v-inner-lg-0 v-inner-md-0 v-inner-0 style-672 style-local-257-c27 position-relative\">\n                      <!---->\n                      <!---->\n                      <div class=\"w-100 h-y-container h-column__content h-column__v-align flex-basis-100 align-self-lg-start align-self-md-start align-self-start\">\n                        <!---->\n                        <div data-colibri-id=\"257-c28\" class=\"h-global-transition-all h-heading style-673 style-local-257-c28 position-relative h-element\">\n                          <!---->\n                          <div class=\"h-heading__outer style-673 style-local-257-c28\">\n                            <!---->\n                            <!---->\n                            <h5 class=\"\">TALLERES&nbsp;<\/h5>\n                          <\/div>\n                        <\/div>\n                        <div data-colibri-id=\"257-c29\" class=\"h-text h-text-component style-674 style-local-257-c29 position-relative h-element\">\n                          <!---->\n                          <!---->\n                          <div class=\"\">\n                            <p>Organizamos talleres en comunidades para abordar todos aquellos relacionados con la salud y el bienestar.<\/p>\n                          <\/div>\n                        <\/div>\n                      <\/div>\n                    <\/div>\n                  <\/div>\n                  <div class=\"h-column h-column-container d-flex h-col-lg-6 h-col-md-6 h-col-6 style-672-outer style-local-257-c30-outer\">\n                    <div data-colibri-id=\"257-c30\" class=\"d-flex h-flex-basis h-column__inner h-px-lg-0 h-px-md-0 h-px-0 v-inner-lg-0 v-inner-md-0 v-inner-0 style-672 style-local-257-c30 position-relative\">\n                      <!---->\n                      <!---->\n                      <div class=\"w-100 h-y-container h-column__content h-column__v-align flex-basis-100 align-self-lg-start align-self-md-start align-self-start\">\n                        <!---->\n                        <div data-colibri-id=\"257-c31\" class=\"h-global-transition-all h-heading style-673 style-local-257-c31 position-relative h-element\">\n                          <!---->\n                          <div class=\"h-heading__outer style-673 style-local-257-c31\">\n                            <!---->\n                            <!---->\n                            <h5 class=\"\">INFOGRAF\u00cdAS<\/h5>\n                          <\/div>\n                        <\/div>\n                        <div data-colibri-id=\"257-c32\" class=\"h-text h-text-component style-674 style-local-257-c32 position-relative h-element\">\n                          <!---->\n                          <!---->\n                          <div class=\"\">\n                            <p>Publicamos infograf\u00edas sobre cuestiones&nbsp;sanitarias y sociales que afectan de forma directa a nuestra salud.<\/p>\n                          <\/div>\n                        <\/div>\n                        <div data-colibri-id=\"257-c33\" class=\"h-x-container style-685 style-local-257-c33 position-relative h-element\">\n                          <!---->\n                          <div class=\"h-x-container-inner style-dynamic-257-c33-group style-685-spacing style-local-257-c33-spacing\"><span class=\"h-button__outer style-686-outer style-local-257-c34-outer d-inline-flex h-element\"><a h-use-smooth-scroll=\"true\" href=\"https:\/\/www.flickr.com\/photos\/202542510@N08\/collections\/72157723736142300\/\"  data-colibri-id=\"257-c34\" class=\"d-flex w-100 align-items-center h-button justify-content-lg-center justify-content-md-center justify-content-center style-686 style-local-257-c34 position-relative\"><!----><!----> <span>Acceso a Infograf\u00edas<\/span><\/a>\n                            <\/span>\n                          <\/div>\n                        <\/div>\n                      <\/div>\n                    <\/div>\n                  <\/div>\n                  <div class=\"h-column h-column-container d-flex h-col-lg-6 h-col-md-6 h-col-6 style-672-outer style-local-257-c35-outer\">\n                    <div data-colibri-id=\"257-c35\" class=\"d-flex h-flex-basis h-column__inner h-px-lg-0 h-px-md-0 h-px-0 v-inner-lg-0 v-inner-md-0 v-inner-0 style-672 style-local-257-c35 position-relative\">\n                      <!---->\n                      <!---->\n                      <div class=\"w-100 h-y-container h-column__content h-column__v-align flex-basis-100 align-self-lg-start align-self-md-start align-self-start\">\n                        <!---->\n                        <div data-colibri-id=\"257-c36\" class=\"h-global-transition-all h-heading style-673 style-local-257-c36 position-relative h-element\">\n                          <!---->\n                          <div class=\"h-heading__outer style-673 style-local-257-c36\">\n                            <!---->\n                            <!---->\n                            <h5 class=\"\">MATERIAL AUDIOVISUAL<\/h5>\n                          <\/div>\n                        <\/div>\n                        <div data-colibri-id=\"257-c37\" class=\"h-text h-text-component style-674 style-local-257-c37 position-relative h-element\">\n                          <!---->\n                          <!---->\n                          <div class=\"\">\n                            <p>Publicamos v\u00eddeos y podcast sobre temas de actualidad en salud y bienestar que son difundidos a trav\u00e9s de diferentes canales de comunicaci\u00f3n de la entidad.<\/p>\n                          <\/div>\n                        <\/div>\n                        <div data-colibri-id=\"257-c38\" class=\"h-x-container style-687 style-local-257-c38 position-relative h-element\">\n                          <!---->\n                          <div class=\"h-x-container-inner style-dynamic-257-c38-group style-687-spacing style-local-257-c38-spacing\"><span class=\"h-button__outer style-688-outer style-local-257-c39-outer d-inline-flex h-element\"><a h-use-smooth-scroll=\"true\" href=\"https:\/\/www.youtube.com\/@MasQueFarmaciaORG-cz1iu\/videos\"  data-colibri-id=\"257-c39\" class=\"d-flex w-100 align-items-center h-button justify-content-lg-center justify-content-md-center justify-content-center style-688 style-local-257-c39 position-relative\"><!----><!----> <span>Acceso a V\u00eddeos<\/span><\/a>\n                            <\/span>\n                          <\/div>\n                        <\/div>\n                      <\/div>\n                    <\/div>\n                  <\/div>\n                  <div class=\"h-column h-column-container d-flex h-col-lg-6 h-col-md-6 h-col-6 style-672-outer style-local-257-c40-outer\">\n                    <div data-colibri-id=\"257-c40\" class=\"d-flex h-flex-basis h-column__inner h-px-lg-0 h-px-md-0 h-px-0 v-inner-lg-0 v-inner-md-0 v-inner-0 style-672 style-local-257-c40 position-relative\">\n                      <!---->\n                      <!---->\n                      <div class=\"w-100 h-y-container h-column__content h-column__v-align flex-basis-100 align-self-lg-start align-self-md-start align-self-start\">\n                        <!---->\n                        <div data-colibri-id=\"257-c41\" class=\"h-global-transition-all h-heading style-673 style-local-257-c41 position-relative h-element\">\n                          <!---->\n                          <div class=\"h-heading__outer style-673 style-local-257-c41\">\n                            <!---->\n                            <!---->\n                            <h5 class=\"\">MATERIAL INTERACTIVO<\/h5>\n                          <\/div>\n                        <\/div>\n                        <div data-colibri-id=\"257-c42\" class=\"h-text h-text-component style-674 style-local-257-c42 position-relative h-element\">\n                          <!---->\n                          <!---->\n                          <div class=\"\">\n                            <p>Elaboramos materiales interactivos que faciliten una mejor comprensi\u00f3n de todo lo referente a nuestro autocuidado y bienestar.<\/p>\n                          <\/div>\n                        <\/div>\n                      <\/div>\n                    <\/div>\n                  <\/div>\n                <\/div>\n              <\/div>\n            <\/div>\n          <\/div>\n        <\/div>\n        <div class=\"h-column h-column-container d-flex h-col-lg-auto h-col-md-auto h-col-auto style-675-outer style-local-257-c43-outer\">\n          <div data-colibri-id=\"257-c43\" class=\"d-flex h-flex-basis h-column__inner h-ui-empty-state-container h-px-lg-0 h-px-md-0 h-px-0 v-inner-lg-0 v-inner-md-0 v-inner-0 style-675 style-local-257-c43 position-relative\">\n            <!---->\n            <!---->\n            <div class=\"w-100 h-y-container h-column__content h-column__v-align flex-basis-100\">\n              <!---->\n            <\/div>\n          <\/div>\n        <\/div>\n      <\/div>\n    <\/div>\n  <\/div>\n<\/div>\n<\/div>","protected":false},"excerpt":{"rendered":"<p>DETERMINANTES SOCIALES DE LA SALUD Los determinantes sociales de la salud son las condiciones en las que las personas nacen, crecen, viven, trabajan y envejecen. Incluyen factores como la educaci\u00f3n, el empleo, el ingreso, el entorno f\u00edsico y el acceso a servicios sanitarios. Determinan en gran medida las desigualdades en salud y el bienestar de [&hellip;]<\/p>\n","protected":false},"author":2,"featured_media":0,"parent":0,"menu_order":0,"comment_status":"closed","ping_status":"closed","template":"page-templates\/full-width-page.php","meta":{"_monsterinsights_skip_tracking":false,"_monsterinsights_sitenote_active":false,"_monsterinsights_sitenote_note":"","_monsterinsights_sitenote_category":0,"footnotes":""},"class_list":["post-257","page","type-page","status-publish","hentry"],"aioseo_notices":[],"jetpack_sharing_enabled":true,"_links":{"self":[{"href":"https:\/\/masquefarmacia.org\/index.php\/wp-json\/wp\/v2\/pages\/257","targetHints":{"allow":["GET"]}}],"collection":[{"href":"https:\/\/masquefarmacia.org\/index.php\/wp-json\/wp\/v2\/pages"}],"about":[{"href":"https:\/\/masquefarmacia.org\/index.php\/wp-json\/wp\/v2\/types\/page"}],"author":[{"embeddable":true,"href":"https:\/\/masquefarmacia.org\/index.php\/wp-json\/wp\/v2\/users\/2"}],"replies":[{"embeddable":true,"href":"https:\/\/masquefarmacia.org\/index.php\/wp-json\/wp\/v2\/comments?post=257"}],"version-history":[{"count":9,"href":"https:\/\/masquefarmacia.org\/index.php\/wp-json\/wp\/v2\/pages\/257\/revisions"}],"predecessor-version":[{"id":4822,"href":"https:\/\/masquefarmacia.org\/index.php\/wp-json\/wp\/v2\/pages\/257\/revisions\/4822"}],"wp:attachment":[{"href":"https:\/\/masquefarmacia.org\/index.php\/wp-json\/wp\/v2\/media?parent=257"}],"curies":[{"name":"wp","href":"https:\/\/api.w.org\/{rel}","templated":true}]}}