{"id":3025,"date":"2024-10-28T11:39:59","date_gmt":"2024-10-28T11:39:59","guid":{"rendered":"https:\/\/masquefarmacia.org\/?page_id=3025"},"modified":"2025-12-22T10:33:52","modified_gmt":"2025-12-22T10:33:52","slug":"curso-farmacia-y-cooperacion","status":"publish","type":"page","link":"https:\/\/masquefarmacia.org\/index.php\/curso-farmacia-y-cooperacion\/","title":{"rendered":"Curso &#8220;Farmacia y Cooperaci\u00f3n-7\u00aaEdici\u00f3n (Navidad)&#8221;"},"content":{"rendered":"\n<figure class=\"wp-block-image size-large\"><img fetchpriority=\"high\" decoding=\"async\" width=\"819\" height=\"1024\" src=\"https:\/\/masquefarmacia.org\/wp-content\/uploads\/2025\/12\/regalo_navidad-Post-de-Instagram-45-819x1024.png\" alt=\"\" class=\"wp-image-4544\" srcset=\"https:\/\/masquefarmacia.org\/wp-content\/uploads\/2025\/12\/regalo_navidad-Post-de-Instagram-45-819x1024.png 819w, https:\/\/masquefarmacia.org\/wp-content\/uploads\/2025\/12\/regalo_navidad-Post-de-Instagram-45-240x300.png 240w, https:\/\/masquefarmacia.org\/wp-content\/uploads\/2025\/12\/regalo_navidad-Post-de-Instagram-45-768x960.png 768w, https:\/\/masquefarmacia.org\/wp-content\/uploads\/2025\/12\/regalo_navidad-Post-de-Instagram-45-600x750.png 600w, https:\/\/masquefarmacia.org\/wp-content\/uploads\/2025\/12\/regalo_navidad-Post-de-Instagram-45.png 1080w\" sizes=\"(max-width: 819px) 100vw, 819px\" \/><\/figure>\n\n\n\n<p>M\u00e1s que farmacia lanza una nueva edici\u00f3n del curso <strong>Farmacia y Cooperaci\u00f3n<\/strong> acci\u00f3n formativa que se incluye dentro del programa <strong>+qformaci\u00f3n<\/strong> que tiene la entidad para formar a profesionales de la salud en las habilidades necesarias para desarrollar proyectos de Cooperaci\u00f3n al Desarrollo, Ayuda Humanitaria y Acci\u00f3n Social.<\/p>\n\n\n\n<p><strong>RESUMEN DEL CURSO<\/strong><\/p>\n\n\n\n<p>El curso ofrece conocimientos sobre el desempe\u00f1o que un profesional farmac\u00e9utico realiza en proyectos de Ayuda Humanitaria y Cooperaci\u00f3n al Desarrollo en Pa\u00edses en Desarrollo. Desde conocer el entorno en el que trabajamos en Espa\u00f1a, hasta el funcionamiento de las donaciones de medicamentos y los proyectos en terreno, as\u00ed como una introducci\u00f3n al trabajo en promoci\u00f3n de la salud, son vistos a lo largo de los dos meses que dura el curso.<\/p>\n\n\n\n<p><strong>OBJETIVOS DEL CURSO<\/strong><\/p>\n\n\n\n<div class=\"wp-block-group is-vertical is-layout-flex wp-container-core-group-is-layout-8cf370e7 wp-block-group-is-layout-flex\">\n<p>Ofrecer unas orientaciones b\u00e1sicas sobre la gesti\u00f3n Cooperaci\u00f3n al Desarrollo y la Ayuda Humanitaria en el \u00e1mbito farmac\u00e9utico en todos sus aspectos:<\/p>\n\n\n\n<p>-Conocer que es la \u201ceconom\u00eda social\u201d, que abarca y qu\u00e9 relaci\u00f3n tiene con el trabajo de las ONG.<\/p>\n\n\n\n<p>-Conocer a grandes rasgos el \u201ctercer sector espa\u00f1ol\u201d, con sus peculiaridades y su variedad de actores.<\/p>\n\n\n\n<p>-Adentrarnos en el funcionamiento de las Asociaciones y Fundaciones, como modelos mayoritarios en las entidades de ayuda al desarrollo.<\/p>\n\n\n\n<p>-Conocer el significado de \u201cbase social de la ONG\u201d y que personalidades, individuales y jur\u00eddicas lo componen.<\/p>\n\n\n\n<p>-Conocer el funcionamiento interno de una Organizaci\u00f3n dedicada a la Cooperaci\u00f3n al Desarrollo.<\/p>\n\n\n\n<p>-Aprender la peculiaridades del funcionamiento de una Organizaci\u00f3n dedicada a la Cooperaci\u00f3n al Desarrollo.<\/p>\n\n\n\n<p>-Conocer los tipos de proyectos que puede realizar una ONGD Farmac\u00e9utica<\/p>\n\n\n\n<p>-Conocer las diferentes etapas que conforman un proyecto de Cooperaci\u00f3n al Desarrollo<\/p>\n\n\n\n<p>-Conocer los participantes y su grado de implicaci\u00f3n de un proyecto de Cooperaci\u00f3n al Desarrollo<\/p>\n\n\n\n<p>-Conocer el entorno del medicamento en las diferentes acciones de una ONGD Farmac\u00e9utica<\/p>\n\n\n\n<p>-Conocer y entender las recomendaciones de la OMS en materia de donaci\u00f3n de medicamentos.<\/p>\n\n\n\n<p>-Conocer el listado de medicamentos esenciales de la OMS<\/p>\n\n\n\n<p>-Entender el funcionamiento de una ONGD farmac\u00e9utica a la hora de abordar una acci\u00f3n de Ayuda Humanitaria.<\/p>\n\n\n\n<p>-Conocer el trabajo de un farmac\u00e9utico en terreno en situaciones de emergencia humanitaria.<\/p>\n\n\n\n<p>-Adquirir unas nociones b\u00e1sicas de los conceptos \u201cEducaci\u00f3n para la salud\u201d y \u201cSalud P\u00fablica\u201d.<\/p>\n<\/div>\n\n\n\n<p><strong>A QUI\u00c9N VA DIRIGIDO<\/strong><\/p>\n\n\n\n<p>El curso va dirigido a farmac\u00e9utico que ejercen su funci\u00f3n en salud p\u00fablica, cooperaci\u00f3n al desarrollo y ayuda humanitaria, as\u00ed como a otras profesiones sanitarias que trabajen en las \u00e1reas indicadas anteriormente.<\/p>\n\n\n\n<p><strong>TEMARIO<\/strong><\/p>\n\n\n\n<div class=\"wp-block-group is-vertical is-layout-flex wp-container-core-group-is-layout-8cf370e7 wp-block-group-is-layout-flex\">\n<p>1- El tercer sector y las ONG en el \u00e1mbito farmac\u00e9utico.<\/p>\n\n\n\n<p>2- El medicamento en cooperaci\u00f3n farmac\u00e9utica.<\/p>\n\n\n\n<p>3- La Ayuda Humanitaria en el \u00e1mbito farmac\u00e9utico.<\/p>\n\n\n\n<p>4- Proyectos de Cooperaci\u00f3n al Desarrollo en el \u00e1mbito farmac\u00e9utico.<\/p>\n\n\n\n<p>5- Promoci\u00f3n de la Salud, Educaci\u00f3n para la Salud y Salud P\u00fablica.<\/p>\n<\/div>\n\n\n\n<p><strong>DURACI\u00d3N<\/strong><\/p>\n\n\n\n<p>El curso comenzar\u00e1 el d\u00eda 26 de diciembre y tendr\u00e1 una duraci\u00f3n de 2 meses. El formato es online a trav\u00e9s de nuestra plataforma de formaci\u00f3n.<\/p>\n\n\n\n<p><strong>COSTE<\/strong><\/p>\n\n\n\n<p>El curso es GRATU\u00cdTO debido a la colaboraci\u00f3n con <strong>Fundaci\u00f3n Asisa y AHP Impacto<\/strong>.<\/p>\n\n\n\n<p><strong>FORMULARIO DE INSCRIPCI\u00d3N<\/strong><\/p>\n\n\n<style id=\"wpforms-css-vars-4321\">\n\t\t\t\t#wpforms-4321 {\n\t\t\t\t--wpforms-container-padding: 0px;\n--wpforms-container-border-width: 1px;\n--wpforms-container-border-radius: 3px;\n--wpforms-background-color: rgba(0, 0, 0, 0);\n--wpforms-field-size-input-height: 43px;\n--wpforms-field-size-input-spacing: 15px;\n--wpforms-field-size-font-size: 16px;\n--wpforms-field-size-line-height: 19px;\n--wpforms-field-size-padding-h: 14px;\n--wpforms-field-size-checkbox-size: 16px;\n--wpforms-field-size-sublabel-spacing: 5px;\n--wpforms-field-size-icon-size: 1;\n--wpforms-label-size-font-size: 16px;\n--wpforms-label-size-line-height: 19px;\n--wpforms-label-size-sublabel-font-size: 14px;\n--wpforms-label-size-sublabel-line-height: 17px;\n--wpforms-button-size-font-size: 17px;\n--wpforms-button-size-height: 41px;\n--wpforms-button-size-padding-h: 15px;\n--wpforms-button-size-margin-top: 10px;\n--wpforms-container-shadow-size-box-shadow: none;\n\t\t\t}\n\t\t\t<\/style><div class=\"wpforms-container wpforms-container-full wpforms-render-modern\" id=\"wpforms-4321\"><form id=\"wpforms-form-4321\" class=\"wpforms-validate wpforms-form wpforms-ajax-form\" data-formid=\"4321\" method=\"post\" enctype=\"multipart\/form-data\" action=\"\/index.php\/wp-json\/wp\/v2\/pages\/3025\" data-token=\"1cf3419efc2dd3b31da7ff9faa1a742b\" data-token-time=\"1775297510\"><noscript class=\"wpforms-error-noscript\">Por favor, activa JavaScript en tu navegador para completar este formulario.<\/noscript><div id=\"wpforms-error-noscript\" style=\"display: none;\">Por favor, activa JavaScript en tu navegador para completar este formulario.<\/div><div class=\"wpforms-field-container\"><div id=\"wpforms-4321-field_1-container\" class=\"wpforms-field wpforms-field-name\" data-field-id=\"1\"><fieldset><legend class=\"wpforms-field-label\">Nombre y Apellidos <span class=\"wpforms-required-label\" aria-hidden=\"true\">*<\/span><\/legend><div class=\"wpforms-field-row wpforms-field-medium\"><div class=\"wpforms-field-row-block wpforms-first wpforms-one-half\"><input type=\"text\" id=\"wpforms-4321-field_1\" class=\"wpforms-field-name-first wpforms-field-required\" name=\"wpforms[fields][1][first]\" aria-errormessage=\"wpforms-4321-field_1-error\" required><label for=\"wpforms-4321-field_1\" class=\"wpforms-field-sublabel after\">Nombre<\/label><\/div><div class=\"wpforms-field-row-block wpforms-one-half\"><input type=\"text\" id=\"wpforms-4321-field_1-last\" class=\"wpforms-field-name-last wpforms-field-required\" name=\"wpforms[fields][1][last]\" aria-errormessage=\"wpforms-4321-field_1-last-error\" required><label for=\"wpforms-4321-field_1-last\" class=\"wpforms-field-sublabel after\">Apellidos<\/label><\/div><\/div><\/fieldset><\/div><div id=\"wpforms-4321-field_2-container\" class=\"wpforms-field wpforms-field-email\" data-field-id=\"2\"><label class=\"wpforms-field-label\" for=\"wpforms-4321-field_2\">Email <span class=\"wpforms-required-label\" aria-hidden=\"true\">*<\/span><\/label><input type=\"email\" id=\"wpforms-4321-field_2\" class=\"wpforms-field-medium wpforms-field-required\" name=\"wpforms[fields][2]\" spellcheck=\"false\" aria-errormessage=\"wpforms-4321-field_2-error\" required><\/div><div id=\"wpforms-4321-field_3-container\" class=\"wpforms-field wpforms-field-checkbox\" data-field-id=\"3\"><fieldset><legend class=\"wpforms-field-label\">Pol\u00edtica de privacidad y protecci\u00f3n de datos: <span class=\"wpforms-required-label\" aria-hidden=\"true\">*<\/span><\/legend><ul id=\"wpforms-4321-field_3\" class=\"wpforms-field-required\"><li class=\"choice-1 depth-1\"><input type=\"checkbox\" id=\"wpforms-4321-field_3_1\" name=\"wpforms[fields][3][]\" value=\"ACEPTO la pol\u00edtica de privacidad y protecci\u00f3n de datos y ACEPTO los t\u00e9rminos y condiciones de uso de la web masquefarmacia.org\" aria-errormessage=\"wpforms-4321-field_3_1-error\" required ><label class=\"wpforms-field-label-inline\" for=\"wpforms-4321-field_3_1\">ACEPTO la pol\u00edtica de privacidad y protecci\u00f3n de datos y ACEPTO los t\u00e9rminos y condiciones de uso de la web masquefarmacia.org<\/label><\/li><\/ul><\/fieldset><\/div><\/div><!-- .wpforms-field-container --><div class=\"wpforms-submit-container\" ><input type=\"hidden\" name=\"wpforms[id]\" value=\"4321\"><input type=\"hidden\" name=\"page_title\" value=\"\"><input type=\"hidden\" name=\"page_url\" value=\"https:\/\/masquefarmacia.org\/index.php\/wp-json\/wp\/v2\/pages\/3025\"><input type=\"hidden\" name=\"url_referer\" value=\"\"><button type=\"submit\" name=\"wpforms[submit]\" id=\"wpforms-submit-4321\" class=\"wpforms-submit\" data-alt-text=\"Enviando...\" data-submit-text=\"Inscripci\u00f3n a curso\" aria-live=\"assertive\" value=\"wpforms-submit\">Inscripci\u00f3n a curso<\/button><img decoding=\"async\" src=\"https:\/\/masquefarmacia.org\/wp-content\/plugins\/wpforms-lite\/assets\/images\/submit-spin.svg\" class=\"wpforms-submit-spinner\" style=\"display: none;\" width=\"26\" height=\"26\" alt=\"Cargando\"><\/div><\/form><\/div>  <!-- .wpforms-container -->\n\n\n\n<p><\/p>\n","protected":false},"excerpt":{"rendered":"<p>M\u00e1s que farmacia lanza una nueva edici\u00f3n del curso Farmacia y Cooperaci\u00f3n acci\u00f3n formativa que se incluye dentro del programa +qformaci\u00f3n que tiene la entidad para formar a profesionales de la salud en las habilidades necesarias para desarrollar proyectos de Cooperaci\u00f3n al Desarrollo, Ayuda Humanitaria y Acci\u00f3n Social. RESUMEN DEL CURSO El curso ofrece conocimientos [&hellip;]<\/p>\n","protected":false},"author":1,"featured_media":3026,"parent":0,"menu_order":0,"comment_status":"closed","ping_status":"closed","template":"","meta":{"_monsterinsights_skip_tracking":false,"_monsterinsights_sitenote_active":false,"_monsterinsights_sitenote_note":"","_monsterinsights_sitenote_category":0,"footnotes":""},"class_list":["post-3025","page","type-page","status-publish","has-post-thumbnail","hentry"],"aioseo_notices":[],"jetpack_sharing_enabled":true,"_links":{"self":[{"href":"https:\/\/masquefarmacia.org\/index.php\/wp-json\/wp\/v2\/pages\/3025","targetHints":{"allow":["GET"]}}],"collection":[{"href":"https:\/\/masquefarmacia.org\/index.php\/wp-json\/wp\/v2\/pages"}],"about":[{"href":"https:\/\/masquefarmacia.org\/index.php\/wp-json\/wp\/v2\/types\/page"}],"author":[{"embeddable":true,"href":"https:\/\/masquefarmacia.org\/index.php\/wp-json\/wp\/v2\/users\/1"}],"replies":[{"embeddable":true,"href":"https:\/\/masquefarmacia.org\/index.php\/wp-json\/wp\/v2\/comments?post=3025"}],"version-history":[{"count":8,"href":"https:\/\/masquefarmacia.org\/index.php\/wp-json\/wp\/v2\/pages\/3025\/revisions"}],"predecessor-version":[{"id":4546,"href":"https:\/\/masquefarmacia.org\/index.php\/wp-json\/wp\/v2\/pages\/3025\/revisions\/4546"}],"wp:featuredmedia":[{"embeddable":true,"href":"https:\/\/masquefarmacia.org\/index.php\/wp-json\/wp\/v2\/media\/3026"}],"wp:attachment":[{"href":"https:\/\/masquefarmacia.org\/index.php\/wp-json\/wp\/v2\/media?parent=3025"}],"curies":[{"name":"wp","href":"https:\/\/api.w.org\/{rel}","templated":true}]}}