{"id":3094,"date":"2024-11-06T17:45:08","date_gmt":"2024-11-06T17:45:08","guid":{"rendered":"https:\/\/masquefarmacia.org\/?page_id=3094"},"modified":"2024-11-16T13:30:38","modified_gmt":"2024-11-16T13:30:38","slug":"informacion-y-recomendaciones-socio-sanitarias-dana","status":"publish","type":"page","link":"https:\/\/masquefarmacia.org\/index.php\/informacion-y-recomendaciones-socio-sanitarias-dana\/","title":{"rendered":"Informaci\u00f3n y recomendaciones Socio Sanitarias-#DANA"},"content":{"rendered":"\n<p>Tras la tragedia ocurrida en Valencia, desde el programa <strong>+QSaludable <\/strong>de <strong>M\u00e1s Que Farmacia ORG<\/strong>, estamos realizando algunas <strong>publicaciones dirigidas a los habitantes de los pueblos afectados, profesionales que est\u00e1n trabajando en las labores de limpieza y voluntarios<\/strong>, con recomendaciones en el \u00e1mbito socio sanitario que ayuden a dar una mejor atenci\u00f3n a las v\u00edctimas y una protecci\u00f3n para todos los que se encuentren en la zona.<\/p>\n\n\n\n<p>Esta informaci\u00f3n la estamos difundiendo en redes sociales y enviando a entidades y asociaciones que est\u00e1n trabajando sobre el terreno.<\/p>\n\n\n\n<p><strong>MATERIALES DE DIFUSI\u00d3N<\/strong><\/p>\n\n\n\n<figure class=\"wp-block-gallery has-nested-images columns-default is-cropped wp-block-gallery-1 is-layout-flex wp-block-gallery-is-layout-flex\">\n<figure class=\"wp-block-image size-large\"><a href=\"https:\/\/masquefarmacia.org\/wp-content\/uploads\/2024\/11\/INFOGRAFIA-CONSEJOS-ROLES-Y-RESPONSABILIDADES-VOLUNTARIOS-Y-DANA.jpg\"><img fetchpriority=\"high\" decoding=\"async\" width=\"724\" height=\"1024\" data-id=\"3180\" src=\"https:\/\/masquefarmacia.org\/wp-content\/uploads\/2024\/11\/INFOGRAFIA-CONSEJOS-ROLES-Y-RESPONSABILIDADES-VOLUNTARIOS-Y-DANA-724x1024.jpg\" alt=\"\" class=\"wp-image-3180\" srcset=\"https:\/\/masquefarmacia.org\/wp-content\/uploads\/2024\/11\/INFOGRAFIA-CONSEJOS-ROLES-Y-RESPONSABILIDADES-VOLUNTARIOS-Y-DANA-724x1024.jpg 724w, https:\/\/masquefarmacia.org\/wp-content\/uploads\/2024\/11\/INFOGRAFIA-CONSEJOS-ROLES-Y-RESPONSABILIDADES-VOLUNTARIOS-Y-DANA-212x300.jpg 212w, https:\/\/masquefarmacia.org\/wp-content\/uploads\/2024\/11\/INFOGRAFIA-CONSEJOS-ROLES-Y-RESPONSABILIDADES-VOLUNTARIOS-Y-DANA-768x1086.jpg 768w, https:\/\/masquefarmacia.org\/wp-content\/uploads\/2024\/11\/INFOGRAFIA-CONSEJOS-ROLES-Y-RESPONSABILIDADES-VOLUNTARIOS-Y-DANA-1086x1536.jpg 1086w, https:\/\/masquefarmacia.org\/wp-content\/uploads\/2024\/11\/INFOGRAFIA-CONSEJOS-ROLES-Y-RESPONSABILIDADES-VOLUNTARIOS-Y-DANA-600x849.jpg 600w, https:\/\/masquefarmacia.org\/wp-content\/uploads\/2024\/11\/INFOGRAFIA-CONSEJOS-ROLES-Y-RESPONSABILIDADES-VOLUNTARIOS-Y-DANA.jpg 1414w\" sizes=\"(max-width: 724px) 100vw, 724px\" \/><\/a><\/figure>\n\n\n\n<figure class=\"wp-block-image size-large\"><a href=\"https:\/\/masquefarmacia.org\/wp-content\/uploads\/2024\/11\/INFOGRAFIA-CONSEJOS-TECNICAS-Y-APOYO-EMOCIONAL-VOLUNTARIOS-Y-DANA.jpg\"><img decoding=\"async\" width=\"724\" height=\"1024\" data-id=\"3181\" src=\"https:\/\/masquefarmacia.org\/wp-content\/uploads\/2024\/11\/INFOGRAFIA-CONSEJOS-TECNICAS-Y-APOYO-EMOCIONAL-VOLUNTARIOS-Y-DANA-724x1024.jpg\" alt=\"\" class=\"wp-image-3181\" srcset=\"https:\/\/masquefarmacia.org\/wp-content\/uploads\/2024\/11\/INFOGRAFIA-CONSEJOS-TECNICAS-Y-APOYO-EMOCIONAL-VOLUNTARIOS-Y-DANA-724x1024.jpg 724w, https:\/\/masquefarmacia.org\/wp-content\/uploads\/2024\/11\/INFOGRAFIA-CONSEJOS-TECNICAS-Y-APOYO-EMOCIONAL-VOLUNTARIOS-Y-DANA-212x300.jpg 212w, https:\/\/masquefarmacia.org\/wp-content\/uploads\/2024\/11\/INFOGRAFIA-CONSEJOS-TECNICAS-Y-APOYO-EMOCIONAL-VOLUNTARIOS-Y-DANA-768x1086.jpg 768w, https:\/\/masquefarmacia.org\/wp-content\/uploads\/2024\/11\/INFOGRAFIA-CONSEJOS-TECNICAS-Y-APOYO-EMOCIONAL-VOLUNTARIOS-Y-DANA-1086x1536.jpg 1086w, https:\/\/masquefarmacia.org\/wp-content\/uploads\/2024\/11\/INFOGRAFIA-CONSEJOS-TECNICAS-Y-APOYO-EMOCIONAL-VOLUNTARIOS-Y-DANA-600x849.jpg 600w, https:\/\/masquefarmacia.org\/wp-content\/uploads\/2024\/11\/INFOGRAFIA-CONSEJOS-TECNICAS-Y-APOYO-EMOCIONAL-VOLUNTARIOS-Y-DANA.jpg 1414w\" sizes=\"(max-width: 724px) 100vw, 724px\" \/><\/a><\/figure>\n<\/figure>\n\n\n\n<figure class=\"wp-block-gallery has-nested-images columns-default is-cropped wp-block-gallery-2 is-layout-flex wp-block-gallery-is-layout-flex\">\n<figure class=\"wp-block-image size-large\"><a href=\"https:\/\/masquefarmacia.org\/wp-content\/uploads\/2024\/11\/INFOGRAFIA-CONSEJOS-INFRAESTRUCTURAS-Y-DANA.jpg\"><img decoding=\"async\" width=\"724\" height=\"1024\" data-id=\"3173\" src=\"https:\/\/masquefarmacia.org\/wp-content\/uploads\/2024\/11\/INFOGRAFIA-CONSEJOS-INFRAESTRUCTURAS-Y-DANA-724x1024.jpg\" alt=\"\" class=\"wp-image-3173\" srcset=\"https:\/\/masquefarmacia.org\/wp-content\/uploads\/2024\/11\/INFOGRAFIA-CONSEJOS-INFRAESTRUCTURAS-Y-DANA-724x1024.jpg 724w, https:\/\/masquefarmacia.org\/wp-content\/uploads\/2024\/11\/INFOGRAFIA-CONSEJOS-INFRAESTRUCTURAS-Y-DANA-212x300.jpg 212w, https:\/\/masquefarmacia.org\/wp-content\/uploads\/2024\/11\/INFOGRAFIA-CONSEJOS-INFRAESTRUCTURAS-Y-DANA-768x1086.jpg 768w, https:\/\/masquefarmacia.org\/wp-content\/uploads\/2024\/11\/INFOGRAFIA-CONSEJOS-INFRAESTRUCTURAS-Y-DANA-1086x1536.jpg 1086w, https:\/\/masquefarmacia.org\/wp-content\/uploads\/2024\/11\/INFOGRAFIA-CONSEJOS-INFRAESTRUCTURAS-Y-DANA-600x849.jpg 600w, https:\/\/masquefarmacia.org\/wp-content\/uploads\/2024\/11\/INFOGRAFIA-CONSEJOS-INFRAESTRUCTURAS-Y-DANA.jpg 1414w\" sizes=\"(max-width: 724px) 100vw, 724px\" \/><\/a><\/figure>\n\n\n\n<figure class=\"wp-block-image size-large\"><a href=\"https:\/\/masquefarmacia.org\/wp-content\/uploads\/2024\/11\/INFOGRAFIA-CONSEJOS-GESTION-AMBIENTAL-Y-DE-RESIDUOS-Y-DANA-1.jpg\"><img loading=\"lazy\" decoding=\"async\" width=\"724\" height=\"1024\" data-id=\"3172\" src=\"https:\/\/masquefarmacia.org\/wp-content\/uploads\/2024\/11\/INFOGRAFIA-CONSEJOS-GESTION-AMBIENTAL-Y-DE-RESIDUOS-Y-DANA-1-724x1024.jpg\" alt=\"\" class=\"wp-image-3172\" srcset=\"https:\/\/masquefarmacia.org\/wp-content\/uploads\/2024\/11\/INFOGRAFIA-CONSEJOS-GESTION-AMBIENTAL-Y-DE-RESIDUOS-Y-DANA-1-724x1024.jpg 724w, https:\/\/masquefarmacia.org\/wp-content\/uploads\/2024\/11\/INFOGRAFIA-CONSEJOS-GESTION-AMBIENTAL-Y-DE-RESIDUOS-Y-DANA-1-212x300.jpg 212w, https:\/\/masquefarmacia.org\/wp-content\/uploads\/2024\/11\/INFOGRAFIA-CONSEJOS-GESTION-AMBIENTAL-Y-DE-RESIDUOS-Y-DANA-1-768x1086.jpg 768w, https:\/\/masquefarmacia.org\/wp-content\/uploads\/2024\/11\/INFOGRAFIA-CONSEJOS-GESTION-AMBIENTAL-Y-DE-RESIDUOS-Y-DANA-1-1086x1536.jpg 1086w, https:\/\/masquefarmacia.org\/wp-content\/uploads\/2024\/11\/INFOGRAFIA-CONSEJOS-GESTION-AMBIENTAL-Y-DE-RESIDUOS-Y-DANA-1-600x849.jpg 600w, https:\/\/masquefarmacia.org\/wp-content\/uploads\/2024\/11\/INFOGRAFIA-CONSEJOS-GESTION-AMBIENTAL-Y-DE-RESIDUOS-Y-DANA-1.jpg 1414w\" sizes=\"(max-width: 724px) 100vw, 724px\" \/><\/a><\/figure>\n\n\n\n<figure class=\"wp-block-image size-large\"><a href=\"https:\/\/masquefarmacia.org\/wp-content\/uploads\/2024\/11\/INFOGRAFIA-CONSEJOS-CRISIS-SANITARIA-Y-DANA-1.jpg\"><img loading=\"lazy\" decoding=\"async\" width=\"724\" height=\"1024\" data-id=\"3174\" src=\"https:\/\/masquefarmacia.org\/wp-content\/uploads\/2024\/11\/INFOGRAFIA-CONSEJOS-CRISIS-SANITARIA-Y-DANA-1-724x1024.jpg\" alt=\"\" class=\"wp-image-3174\" srcset=\"https:\/\/masquefarmacia.org\/wp-content\/uploads\/2024\/11\/INFOGRAFIA-CONSEJOS-CRISIS-SANITARIA-Y-DANA-1-724x1024.jpg 724w, https:\/\/masquefarmacia.org\/wp-content\/uploads\/2024\/11\/INFOGRAFIA-CONSEJOS-CRISIS-SANITARIA-Y-DANA-1-212x300.jpg 212w, https:\/\/masquefarmacia.org\/wp-content\/uploads\/2024\/11\/INFOGRAFIA-CONSEJOS-CRISIS-SANITARIA-Y-DANA-1-768x1086.jpg 768w, https:\/\/masquefarmacia.org\/wp-content\/uploads\/2024\/11\/INFOGRAFIA-CONSEJOS-CRISIS-SANITARIA-Y-DANA-1-1086x1536.jpg 1086w, https:\/\/masquefarmacia.org\/wp-content\/uploads\/2024\/11\/INFOGRAFIA-CONSEJOS-CRISIS-SANITARIA-Y-DANA-1-600x849.jpg 600w, https:\/\/masquefarmacia.org\/wp-content\/uploads\/2024\/11\/INFOGRAFIA-CONSEJOS-CRISIS-SANITARIA-Y-DANA-1.jpg 1414w\" sizes=\"(max-width: 724px) 100vw, 724px\" \/><\/a><\/figure>\n<\/figure>\n\n\n\n<figure class=\"wp-block-gallery has-nested-images columns-default is-cropped wp-block-gallery-3 is-layout-flex wp-block-gallery-is-layout-flex\">\n<figure class=\"wp-block-image size-large\"><a href=\"https:\/\/masquefarmacia.org\/wp-content\/uploads\/2024\/11\/ninos_dana.jpg\" target=\"_blank\" rel=\"noopener\"><img loading=\"lazy\" decoding=\"async\" width=\"724\" height=\"1024\" data-id=\"3099\" src=\"https:\/\/masquefarmacia.org\/wp-content\/uploads\/2024\/11\/ninos_dana-724x1024.jpg\" alt=\"\" class=\"wp-image-3099\" srcset=\"https:\/\/masquefarmacia.org\/wp-content\/uploads\/2024\/11\/ninos_dana-724x1024.jpg 724w, https:\/\/masquefarmacia.org\/wp-content\/uploads\/2024\/11\/ninos_dana-212x300.jpg 212w, https:\/\/masquefarmacia.org\/wp-content\/uploads\/2024\/11\/ninos_dana-768x1086.jpg 768w, https:\/\/masquefarmacia.org\/wp-content\/uploads\/2024\/11\/ninos_dana-1086x1536.jpg 1086w, https:\/\/masquefarmacia.org\/wp-content\/uploads\/2024\/11\/ninos_dana-600x849.jpg 600w, https:\/\/masquefarmacia.org\/wp-content\/uploads\/2024\/11\/ninos_dana.jpg 1414w\" sizes=\"(max-width: 724px) 100vw, 724px\" \/><\/a><\/figure>\n\n\n\n<figure class=\"wp-block-image size-large\"><a href=\"https:\/\/masquefarmacia.org\/wp-content\/uploads\/2024\/11\/infecciones2.jpg\" target=\"_blank\" rel=\"noopener\"><img loading=\"lazy\" decoding=\"async\" width=\"731\" height=\"1024\" data-id=\"3097\" src=\"https:\/\/masquefarmacia.org\/wp-content\/uploads\/2024\/11\/infecciones2-731x1024.jpg\" alt=\"\" class=\"wp-image-3097\" srcset=\"https:\/\/masquefarmacia.org\/wp-content\/uploads\/2024\/11\/infecciones2-731x1024.jpg 731w, https:\/\/masquefarmacia.org\/wp-content\/uploads\/2024\/11\/infecciones2-214x300.jpg 214w, https:\/\/masquefarmacia.org\/wp-content\/uploads\/2024\/11\/infecciones2-768x1075.jpg 768w, https:\/\/masquefarmacia.org\/wp-content\/uploads\/2024\/11\/infecciones2-1097x1536.jpg 1097w, https:\/\/masquefarmacia.org\/wp-content\/uploads\/2024\/11\/infecciones2-600x840.jpg 600w, https:\/\/masquefarmacia.org\/wp-content\/uploads\/2024\/11\/infecciones2.jpg 1152w\" sizes=\"(max-width: 731px) 100vw, 731px\" \/><\/a><\/figure>\n\n\n\n<figure class=\"wp-block-image size-large\"><a href=\"https:\/\/masquefarmacia.org\/wp-content\/uploads\/2024\/11\/consejos_Salud_mental.jpg\" target=\"_blank\" rel=\"noopener\"><img loading=\"lazy\" decoding=\"async\" width=\"724\" height=\"1024\" data-id=\"3095\" src=\"https:\/\/masquefarmacia.org\/wp-content\/uploads\/2024\/11\/consejos_Salud_mental-724x1024.jpg\" alt=\"\" class=\"wp-image-3095\" srcset=\"https:\/\/masquefarmacia.org\/wp-content\/uploads\/2024\/11\/consejos_Salud_mental-724x1024.jpg 724w, https:\/\/masquefarmacia.org\/wp-content\/uploads\/2024\/11\/consejos_Salud_mental-212x300.jpg 212w, https:\/\/masquefarmacia.org\/wp-content\/uploads\/2024\/11\/consejos_Salud_mental-768x1086.jpg 768w, https:\/\/masquefarmacia.org\/wp-content\/uploads\/2024\/11\/consejos_Salud_mental-1086x1536.jpg 1086w, https:\/\/masquefarmacia.org\/wp-content\/uploads\/2024\/11\/consejos_Salud_mental-600x849.jpg 600w, https:\/\/masquefarmacia.org\/wp-content\/uploads\/2024\/11\/consejos_Salud_mental.jpg 1414w\" sizes=\"(max-width: 724px) 100vw, 724px\" \/><\/a><\/figure>\n\n\n\n<figure class=\"wp-block-image size-large\"><a href=\"https:\/\/masquefarmacia.org\/wp-content\/uploads\/2024\/11\/epidemiologia_DANA-2.png\" target=\"_blank\" rel=\"noopener\"><img loading=\"lazy\" decoding=\"async\" width=\"1024\" height=\"1024\" data-id=\"3096\" src=\"https:\/\/masquefarmacia.org\/wp-content\/uploads\/2024\/11\/epidemiologia_DANA-2-1024x1024.png\" alt=\"\" class=\"wp-image-3096\" srcset=\"https:\/\/masquefarmacia.org\/wp-content\/uploads\/2024\/11\/epidemiologia_DANA-2-1024x1024.png 1024w, https:\/\/masquefarmacia.org\/wp-content\/uploads\/2024\/11\/epidemiologia_DANA-2-300x300.png 300w, https:\/\/masquefarmacia.org\/wp-content\/uploads\/2024\/11\/epidemiologia_DANA-2-150x150.png 150w, https:\/\/masquefarmacia.org\/wp-content\/uploads\/2024\/11\/epidemiologia_DANA-2-768x768.png 768w, https:\/\/masquefarmacia.org\/wp-content\/uploads\/2024\/11\/epidemiologia_DANA-2-600x600.png 600w, https:\/\/masquefarmacia.org\/wp-content\/uploads\/2024\/11\/epidemiologia_DANA-2-100x100.png 100w, https:\/\/masquefarmacia.org\/wp-content\/uploads\/2024\/11\/epidemiologia_DANA-2.png 1080w\" sizes=\"(max-width: 1024px) 100vw, 1024px\" \/><\/a><\/figure>\n\n\n\n<figure class=\"wp-block-image size-large\"><a href=\"https:\/\/masquefarmacia.org\/wp-content\/uploads\/2024\/11\/Voluntariado_DANA-2.png\" target=\"_blank\" rel=\"noopener\"><img loading=\"lazy\" decoding=\"async\" width=\"1024\" height=\"1024\" data-id=\"3098\" src=\"https:\/\/masquefarmacia.org\/wp-content\/uploads\/2024\/11\/Voluntariado_DANA-2-1024x1024.png\" alt=\"\" class=\"wp-image-3098\" srcset=\"https:\/\/masquefarmacia.org\/wp-content\/uploads\/2024\/11\/Voluntariado_DANA-2-1024x1024.png 1024w, https:\/\/masquefarmacia.org\/wp-content\/uploads\/2024\/11\/Voluntariado_DANA-2-300x300.png 300w, https:\/\/masquefarmacia.org\/wp-content\/uploads\/2024\/11\/Voluntariado_DANA-2-150x150.png 150w, https:\/\/masquefarmacia.org\/wp-content\/uploads\/2024\/11\/Voluntariado_DANA-2-768x768.png 768w, https:\/\/masquefarmacia.org\/wp-content\/uploads\/2024\/11\/Voluntariado_DANA-2-600x600.png 600w, https:\/\/masquefarmacia.org\/wp-content\/uploads\/2024\/11\/Voluntariado_DANA-2-100x100.png 100w, https:\/\/masquefarmacia.org\/wp-content\/uploads\/2024\/11\/Voluntariado_DANA-2.png 1080w\" sizes=\"(max-width: 1024px) 100vw, 1024px\" \/><\/a><\/figure>\n\n\n\n<figure class=\"wp-block-image size-large\"><img loading=\"lazy\" decoding=\"async\" width=\"724\" height=\"1024\" data-id=\"3151\" src=\"https:\/\/masquefarmacia.org\/wp-content\/uploads\/2024\/11\/heridasylesiones-724x1024.jpg\" alt=\"\" class=\"wp-image-3151\" srcset=\"https:\/\/masquefarmacia.org\/wp-content\/uploads\/2024\/11\/heridasylesiones-724x1024.jpg 724w, https:\/\/masquefarmacia.org\/wp-content\/uploads\/2024\/11\/heridasylesiones-212x300.jpg 212w, https:\/\/masquefarmacia.org\/wp-content\/uploads\/2024\/11\/heridasylesiones-768x1086.jpg 768w, https:\/\/masquefarmacia.org\/wp-content\/uploads\/2024\/11\/heridasylesiones-1086x1536.jpg 1086w, https:\/\/masquefarmacia.org\/wp-content\/uploads\/2024\/11\/heridasylesiones-600x849.jpg 600w, https:\/\/masquefarmacia.org\/wp-content\/uploads\/2024\/11\/heridasylesiones.jpg 1414w\" sizes=\"(max-width: 724px) 100vw, 724px\" \/><\/figure>\n<\/figure>\n\n\n\n<figure class=\"wp-block-image size-large is-resized\"><img loading=\"lazy\" decoding=\"async\" width=\"724\" height=\"1024\" src=\"https:\/\/masquefarmacia.org\/wp-content\/uploads\/2024\/11\/INFOGRAFIA-CONSEJOS-SALUD-ANIMAL-Y-DANA-1-724x1024.jpg\" alt=\"\" class=\"wp-image-3176\" style=\"width:253px;height:auto\" srcset=\"https:\/\/masquefarmacia.org\/wp-content\/uploads\/2024\/11\/INFOGRAFIA-CONSEJOS-SALUD-ANIMAL-Y-DANA-1-724x1024.jpg 724w, https:\/\/masquefarmacia.org\/wp-content\/uploads\/2024\/11\/INFOGRAFIA-CONSEJOS-SALUD-ANIMAL-Y-DANA-1-212x300.jpg 212w, https:\/\/masquefarmacia.org\/wp-content\/uploads\/2024\/11\/INFOGRAFIA-CONSEJOS-SALUD-ANIMAL-Y-DANA-1-768x1086.jpg 768w, https:\/\/masquefarmacia.org\/wp-content\/uploads\/2024\/11\/INFOGRAFIA-CONSEJOS-SALUD-ANIMAL-Y-DANA-1-1086x1536.jpg 1086w, https:\/\/masquefarmacia.org\/wp-content\/uploads\/2024\/11\/INFOGRAFIA-CONSEJOS-SALUD-ANIMAL-Y-DANA-1-600x849.jpg 600w, https:\/\/masquefarmacia.org\/wp-content\/uploads\/2024\/11\/INFOGRAFIA-CONSEJOS-SALUD-ANIMAL-Y-DANA-1.jpg 1414w\" sizes=\"(max-width: 724px) 100vw, 724px\" \/><\/figure>\n\n\n\n<p>Puedes difundirlas a cualquier persona u organizaci\u00f3n que se encuentre en la zona tenga previsto viajar en los pr\u00f3ximos d\u00edas.<\/p>\n\n\n\n<p>Este trabajo est\u00e1 siendo realizado por el <strong>comit\u00e9 cient\u00edfico de la organizaci\u00f3n<\/strong>, compuesto por <strong>4 farmac\u00e9uticos, 2 enfermeras, 1 m\u00e9dico y 1 trabajadora social.<\/strong><\/p>\n\n\n\n<p><strong>COMIT\u00c9 CIENT\u00cdFICO<\/strong> <strong>ASESOR<\/strong><\/p>\n\n\n\n<p><strong>Farmac\u00e9uticos:<\/strong><\/p>\n\n\n\n<p>Jes\u00fas S\u00e1nchez Burs\u00f3n<br>\u00c1ngel Acisclo Hu\u00e9lamo Villanueva<br>Fernando Mart\u00ednez L\u00f3pez<br>Carlos Leopoldo&nbsp;Lerma&nbsp;Dorado<\/p>\n\n\n\n<p><strong>Enfermeras:<\/strong><\/p>\n\n\n\n<p>Elo\u00edsa Torrens M\u00e1rquez<br>Mar\u00eda Jos\u00e9 Romero&nbsp;Toscano<\/p>\n\n\n\n<p><strong>M\u00e9dico:<\/strong><\/p>\n\n\n\n<p>Juan Fajardo L\u00f3pez-Cuervo<\/p>\n\n\n\n<p><strong>Trabajadora Social:<\/strong><\/p>\n\n\n\n<p>Roc\u00edo Pleguezuelo Magrit<\/p>\n\n\n\n<p>Si quieres recibir directamente la informaci\u00f3n en tu correo, d\u00e9janos tus datos y recibir\u00e1s un alerta cada vez que hagamos alguna publicaci\u00f3n.<\/p>\n\n\n                    <script type=\"text\/javascript\">\n                        var onloadSibCallback = function () {\n                            jQuery('.g-recaptcha').each(function (index, el) {\n                                grecaptcha.render(el, {\n                                    'sitekey': jQuery(el).attr('data-sitekey')\n                                });\n                            });\n                        };\n                    <\/script>\n\t\t\t\t\t                <script src=\"https:\/\/www.google.com\/recaptcha\/api.js?onload=onloadSibCallback&render=explicit\" async defer><\/script>\n\t\t\t\t\n\t\t\t<form id=\"sib_signup_form_3\" method=\"post\" class=\"sib_signup_form\">\n\t\t\t\t<div class=\"sib_loader\" style=\"display:none;\"><img\n\t\t\t\t\t\t\tsrc=\"https:\/\/masquefarmacia.org\/wp-includes\/images\/spinner.gif\" alt=\"loader\"><\/div>\n\t\t\t\t<input type=\"hidden\" name=\"sib_form_action\" value=\"subscribe_form_submit\">\n\t\t\t\t<input type=\"hidden\" name=\"sib_form_id\" value=\"3\">\n                <input type=\"hidden\" name=\"sib_form_alert_notice\" value=\"Please fill out this field\">\n                <input type=\"hidden\" name=\"sib_form_invalid_email_notice\" value=\"El mail que nos ha facilitado, no corresponde ning\u00fan usuario.\">\n                <input type=\"hidden\" name=\"sib_security\" value=\"624ab17c2f\">\n\t\t\t\t<div class=\"sib_signup_box_inside_3\">\n\t\t\t\t\t<div style=\"\/*display:none*\/\" class=\"sib_msg_disp\">\n\t\t\t\t\t<\/div>\n                    \t\t\t\t\t<p class=\"sib-NOMBRE-area\"> \r\n    <label class=\"sib-NOMBRE-area\">NOMBRE*<\/label> \r\n    <input type=\"text\" class=\"sib-NOMBRE-area\" name=\"NOMBRE\" required=\"required\"> \r\n<\/p>\r\n\r\n<p class=\"sib-APELLIDOS-area\"> \r\n    <label class=\"sib-APELLIDOS-area\">APELLIDOS*<\/label> \r\n    <input type=\"text\" class=\"sib-APELLIDOS-area\" name=\"APELLIDOS\" required=\"required\"> \r\n<\/p>\r\n<p class=\"sib-email-area\"> \r\n    <label class=\"sib-email-area\">CORREO ELECTR\u00d3NICO<\/label> \r\n    <input type=\"email\" class=\"sib-email-area\" name=\"email\" placeholder=\"\" value=\"\"> \r\n<\/p>\r\n<p class=\"sib-multi-lists-area\">\r\n<div class=\"sib-multi-lists\" data-require=\"\">\r\n<div style=\"block\"><input type=\"checkbox\" class=\"sib-interesting-lists\" value=\"2\" name=\"listIDs[]\">Material M\u00e1s Que Saludable<\/div>\r\n<\/div><\/p>\r\n<input type=\"checkbox\" name=\"terms\" required=\"required\">Acepto los <a href=\"https:\/\/masquefarmacia.org\/index.php\/politica-privacidad\/\">T\u00e9rminos y Condiciones<\/a> \r\n<\/p>\r\n<div id=\"sib_captcha\" class=\"g-recaptcha\" data-sitekey=\"6LcF6CssAAAAAHTZFfClmE9fGv16w33J3Kk--SYH\"><\/div>\r\n<p> \r\n    <input type=\"submit\" class=\"sib-default-btn\" name=\"submit\" value=\"Suscribirse\"> \r\n<\/p>\r\n\t\t\t\t<\/div>\n\t\t\t<\/form>\n\t\t\t<style>\n\t\t\t\tform#sib_signup_form_3 { padding: 5px; -moz-box-sizing:border-box; -webkit-box-sizing: border-box; box-sizing: border-box; } form#sib_signup_form_3 input[type=text],form#sib_signup_form_3 input[type=email], form#sib_signup_form_3 select { width: 100%; border: 1px solid #bbb; height: auto; margin: 5px 0 0 0; } form#sib_signup_form_3 .sib-default-btn { margin: 5px 0; padding: 6px 12px; color:#fff; background-color: #333; border-color: #2E2E2E; font-size: 14px; font-weight:400; line-height: 1.4285; text-align: center; cursor: pointer; vertical-align: middle; -webkit-user-select:none; -moz-user-select:none; -ms-user-select:none; user-select:none; white-space: normal; border:1px solid transparent; border-radius: 3px; } form#sib_signup_form_3 .sib-default-btn:hover { background-color: #444; } form#sib_signup_form_3 p{ margin: 10px 0 0 0; }form#sib_signup_form_3 p.sib-alert-message {\n    padding: 6px 12px;\n    margin-bottom: 20px;\n    border: 1px solid transparent;\n    border-radius: 4px;\n    -webkit-box-sizing: border-box;\n    -moz-box-sizing: border-box;\n    box-sizing: border-box;\n}\nform#sib_signup_form_3 p.sib-alert-message-error {\n    background-color: #f2dede;\n    border-color: #ebccd1;\n    color: #a94442;\n}\nform#sib_signup_form_3 p.sib-alert-message-success {\n    background-color: #dff0d8;\n    border-color: #d6e9c6;\n    color: #3c763d;\n}\nform#sib_signup_form_3 p.sib-alert-message-warning {\n    background-color: #fcf8e3;\n    border-color: #faebcc;\n    color: #8a6d3b;\n}\n\t\t\t<\/style>\n\t\t\t\n\n\n\n<p>Es indiscutible la afectaci\u00f3n personal y material que han sufrido los valencianos y por ello, todas las entidades del \u00e1mbito social, estamos en la obligaci\u00f3n de poner todos los programas de trabajo a disposici\u00f3n de ellos. <\/p>\n\n\n\n<p><\/p>\n","protected":false},"excerpt":{"rendered":"<p>Tras la tragedia ocurrida en Valencia, desde el programa +QSaludable de M\u00e1s Que Farmacia ORG, estamos realizando algunas publicaciones dirigidas a los habitantes de los pueblos afectados, profesionales que est\u00e1n trabajando en las labores de limpieza y voluntarios, con recomendaciones en el \u00e1mbito socio sanitario que ayuden a dar una mejor atenci\u00f3n a las v\u00edctimas [&hellip;]<\/p>\n","protected":false},"author":1,"featured_media":0,"parent":0,"menu_order":0,"comment_status":"closed","ping_status":"closed","template":"","meta":{"_monsterinsights_skip_tracking":false,"_monsterinsights_sitenote_active":false,"_monsterinsights_sitenote_note":"","_monsterinsights_sitenote_category":0,"footnotes":""},"class_list":["post-3094","page","type-page","status-publish","hentry"],"aioseo_notices":[],"jetpack_sharing_enabled":true,"_links":{"self":[{"href":"https:\/\/masquefarmacia.org\/index.php\/wp-json\/wp\/v2\/pages\/3094","targetHints":{"allow":["GET"]}}],"collection":[{"href":"https:\/\/masquefarmacia.org\/index.php\/wp-json\/wp\/v2\/pages"}],"about":[{"href":"https:\/\/masquefarmacia.org\/index.php\/wp-json\/wp\/v2\/types\/page"}],"author":[{"embeddable":true,"href":"https:\/\/masquefarmacia.org\/index.php\/wp-json\/wp\/v2\/users\/1"}],"replies":[{"embeddable":true,"href":"https:\/\/masquefarmacia.org\/index.php\/wp-json\/wp\/v2\/comments?post=3094"}],"version-history":[{"count":16,"href":"https:\/\/masquefarmacia.org\/index.php\/wp-json\/wp\/v2\/pages\/3094\/revisions"}],"predecessor-version":[{"id":3183,"href":"https:\/\/masquefarmacia.org\/index.php\/wp-json\/wp\/v2\/pages\/3094\/revisions\/3183"}],"wp:attachment":[{"href":"https:\/\/masquefarmacia.org\/index.php\/wp-json\/wp\/v2\/media?parent=3094"}],"curies":[{"name":"wp","href":"https:\/\/api.w.org\/{rel}","templated":true}]}}