{"id":3499,"date":"2025-03-28T10:48:26","date_gmt":"2025-03-28T10:48:26","guid":{"rendered":"https:\/\/masquefarmacia.org\/?page_id=3499"},"modified":"2026-03-11T00:07:19","modified_gmt":"2026-03-11T00:07:19","slug":"curso-atencion-y-bienestar-en-personas-mayores","status":"publish","type":"page","link":"https:\/\/masquefarmacia.org\/index.php\/curso-atencion-y-bienestar-en-personas-mayores\/","title":{"rendered":"Curso &#8220;Atenci\u00f3n y Bienestar en Personas Mayores&#8221;"},"content":{"rendered":"\n<div class=\"wp-block-jetpack-slideshow aligncenter\" data-effect=\"slide\" style=\"--aspect-ratio:calc(1080 \/ 1080)\"><div class=\"wp-block-jetpack-slideshow_container swiper\"><ul class=\"wp-block-jetpack-slideshow_swiper-wrapper swiper-wrapper\"><li class=\"wp-block-jetpack-slideshow_slide swiper-slide\"><figure><img fetchpriority=\"high\" decoding=\"async\" width=\"1080\" height=\"1080\" alt=\"\" class=\"wp-block-jetpack-slideshow_image wp-image-5006\" data-id=\"5006\" data-aspect-ratio=\"1080 \/ 1080\" src=\"https:\/\/masquefarmacia.org\/wp-content\/uploads\/2026\/03\/Curso-Atencion-y-Bienestar-en-Personas-Mayores.png\" srcset=\"https:\/\/masquefarmacia.org\/wp-content\/uploads\/2026\/03\/Curso-Atencion-y-Bienestar-en-Personas-Mayores.png 1080w, https:\/\/masquefarmacia.org\/wp-content\/uploads\/2026\/03\/Curso-Atencion-y-Bienestar-en-Personas-Mayores-300x300.png 300w, https:\/\/masquefarmacia.org\/wp-content\/uploads\/2026\/03\/Curso-Atencion-y-Bienestar-en-Personas-Mayores-1024x1024.png 1024w, https:\/\/masquefarmacia.org\/wp-content\/uploads\/2026\/03\/Curso-Atencion-y-Bienestar-en-Personas-Mayores-150x150.png 150w, https:\/\/masquefarmacia.org\/wp-content\/uploads\/2026\/03\/Curso-Atencion-y-Bienestar-en-Personas-Mayores-768x768.png 768w, https:\/\/masquefarmacia.org\/wp-content\/uploads\/2026\/03\/Curso-Atencion-y-Bienestar-en-Personas-Mayores-600x600.png 600w, https:\/\/masquefarmacia.org\/wp-content\/uploads\/2026\/03\/Curso-Atencion-y-Bienestar-en-Personas-Mayores-100x100.png 100w\" sizes=\"(max-width: 1080px) 100vw, 1080px\" \/><\/figure><\/li><li class=\"wp-block-jetpack-slideshow_slide swiper-slide\"><figure><img decoding=\"async\" width=\"1080\" height=\"1080\" alt=\"\" class=\"wp-block-jetpack-slideshow_image wp-image-3501\" data-id=\"3501\" data-aspect-ratio=\"1080 \/ 1080\" src=\"https:\/\/masquefarmacia.org\/wp-content\/uploads\/2025\/03\/Curso-1.png\" srcset=\"https:\/\/masquefarmacia.org\/wp-content\/uploads\/2025\/03\/Curso-1.png 1080w, https:\/\/masquefarmacia.org\/wp-content\/uploads\/2025\/03\/Curso-1-300x300.png 300w, https:\/\/masquefarmacia.org\/wp-content\/uploads\/2025\/03\/Curso-1-1024x1024.png 1024w, https:\/\/masquefarmacia.org\/wp-content\/uploads\/2025\/03\/Curso-1-150x150.png 150w, https:\/\/masquefarmacia.org\/wp-content\/uploads\/2025\/03\/Curso-1-768x768.png 768w, https:\/\/masquefarmacia.org\/wp-content\/uploads\/2025\/03\/Curso-1-600x600.png 600w, https:\/\/masquefarmacia.org\/wp-content\/uploads\/2025\/03\/Curso-1-100x100.png 100w\" sizes=\"(max-width: 1080px) 100vw, 1080px\" \/><\/figure><\/li><\/ul><a class=\"wp-block-jetpack-slideshow_button-prev swiper-button-prev swiper-button-white\" role=\"button\"><\/a><a class=\"wp-block-jetpack-slideshow_button-next swiper-button-next swiper-button-white\" role=\"button\"><\/a><a aria-label=\"Pause Slideshow\" class=\"wp-block-jetpack-slideshow_button-pause\" role=\"button\"><\/a><div class=\"wp-block-jetpack-slideshow_pagination swiper-pagination swiper-pagination-white\"><\/div><\/div><\/div>\n\n\n\n<p>M\u00e1s que farmacia lanza una nueva edici\u00f3n del curso <strong>Atenci\u00f3n y Bienestar en Personas Mayores,<\/strong> acci\u00f3n formativa que se incluye dentro del programa <strong>Salud y Bienestar: Mayores en situaci\u00f3n de Vulnerabilidad y en Soledad<\/strong> que tiene la entidad para formar a profesionales de la salud y cuidadores en las habilidades necesarias para el cuidado de nuestros mayores. As\u00ed mismo a estos \u00faltimos, les ofrece unas pautas completas para el autocuidado de la salud.<\/p>\n\n\n\n<p><strong>RESUMEN DEL CURSO<\/strong><\/p>\n\n\n\n<p>El curso <strong>&#8220;Atenci\u00f3n y Bienestar en Personas Mayores&#8221;<\/strong> est\u00e1 dirigido a profesionales del \u00e1mbito sociosanitario, cuidadores y personas mayores. Ofrece herramientas para mejorar la atenci\u00f3n y el bienestar de los mayores en situaci\u00f3n de vulnerabilidad y soledad. Con una duraci\u00f3n de <strong>15 horas<\/strong>, aborda temas clave como el envejecimiento activo, autocuidado, nutrici\u00f3n, fragilidad, aspectos psicosociales y prevenci\u00f3n de la dependencia. Tambi\u00e9n est\u00e1 abierto a estudiantes y otros profesionales del \u00e1mbito social interesados en promover un envejecimiento saludable y aut\u00f3nomo.<\/p>\n\n\n\n<p><strong>OBJETIVOS DEL CURSO<\/strong><\/p>\n\n\n\n<p>El curso va dirigido a <strong>profesionales del \u00e1mbito sociosanitario, cuidadores y personas mayores<\/strong> y el objetivo es conocer una serie de acciones que faciliten la atenci\u00f3n a personas mayores en situaci\u00f3n de vulnerabilidad y soledad, poniendo los recursos adecuados para un envejecimiento saludable y el m\u00e1ximo estado de bienestar.<\/p>\n\n\n\n<p><strong>A QUI\u00c9N VA DIRIGIDO<\/strong><\/p>\n\n\n\n<p>El curso va dirigido a profesionales socio-sanitarios que ejercen su funci\u00f3n en salud p\u00fablica y acci\u00f3n social, cuidadores, as\u00ed como a todos aquellos de otros \u00e1mbitos que quieran formarse en promoci\u00f3n de la salud orientada a nuestros mayores. Tambi\u00e9n est\u00e1 dise\u00f1ado para la participaci\u00f3n de estudiantes y personas de otras profesiones del \u00e1mbito social y por supuesto, las personas mayores.<\/p>\n\n\n\n<p><strong>TEMARIO<\/strong><\/p>\n\n\n\n<ol class=\"wp-block-list\">\n<li>Envejecimiento activo: Ejercicio F\u00edsico<\/li>\n\n\n\n<li>Concepto de autocuidado.<\/li>\n\n\n\n<li>La nutrici\u00f3n en el adulto mayor.<\/li>\n\n\n\n<li>Envejecimiento y fragilidad.<\/li>\n\n\n\n<li>Aspectos psicosociales del envejecimiento: La soledad<\/li>\n\n\n\n<li>Prevenci\u00f3n de la dependencia y promoci\u00f3n de la autonom\u00eda.<\/li>\n<\/ol>\n\n\n\n<p><strong>DURACI\u00d3N<\/strong><\/p>\n\n\n\n<p>El curso se encuentra disponible en la actualidad. Se dispone por parte del alumno de dos meses para la realizaci\u00f3n del curso.<\/p>\n\n\n\n<p>El formato es online tutorizado a trav\u00e9s de nuestra plataforma de formaci\u00f3n.<\/p>\n\n\n\n<p><strong>COSTE<\/strong><\/p>\n\n\n\n<p>El coste del curso es de 100 \u20ac. Pero hay disponibles 20 Becas por el 50%, con lo que el <strong>precio final es de 50 \u20ac<\/strong><\/p>\n\n\n\n<p><strong>FORMULARIO DE INSCRIPCI\u00d3N<\/strong><\/p>\n\n\n<style id=\"wpforms-css-vars-5009\">\n\t\t\t\t#wpforms-5009 {\n\t\t\t\t--wpforms-container-padding: 0px;\n--wpforms-container-border-width: 1px;\n--wpforms-container-border-radius: 3px;\n--wpforms-background-color: rgba(0, 0, 0, 0);\n--wpforms-field-size-input-height: 43px;\n--wpforms-field-size-input-spacing: 15px;\n--wpforms-field-size-font-size: 16px;\n--wpforms-field-size-line-height: 19px;\n--wpforms-field-size-padding-h: 14px;\n--wpforms-field-size-checkbox-size: 16px;\n--wpforms-field-size-sublabel-spacing: 5px;\n--wpforms-field-size-icon-size: 1;\n--wpforms-label-size-font-size: 16px;\n--wpforms-label-size-line-height: 19px;\n--wpforms-label-size-sublabel-font-size: 14px;\n--wpforms-label-size-sublabel-line-height: 17px;\n--wpforms-button-size-font-size: 17px;\n--wpforms-button-size-height: 41px;\n--wpforms-button-size-padding-h: 15px;\n--wpforms-button-size-margin-top: 10px;\n--wpforms-container-shadow-size-box-shadow: none;\n\t\t\t}\n\t\t\t<\/style><div class=\"wpforms-container wpforms-container-full wpforms-render-modern\" id=\"wpforms-5009\"><form id=\"wpforms-form-5009\" class=\"wpforms-validate wpforms-form wpforms-ajax-form\" data-formid=\"5009\" method=\"post\" enctype=\"multipart\/form-data\" action=\"\/index.php\/wp-json\/wp\/v2\/pages\/3499\" data-token=\"1aa28bcda8840d3e6e8c9274fd3ca040\" data-token-time=\"1776090682\"><noscript class=\"wpforms-error-noscript\">Por favor, activa JavaScript en tu navegador para completar este formulario.<\/noscript><div id=\"wpforms-error-noscript\" style=\"display: none;\">Por favor, activa JavaScript en tu navegador para completar este formulario.<\/div><div class=\"wpforms-field-container\"><div id=\"wpforms-5009-field_1-container\" class=\"wpforms-field wpforms-field-name\" data-field-id=\"1\"><label class=\"wpforms-field-label\" for=\"wpforms-5009-field_1\">Nombre <span class=\"wpforms-required-label\" aria-hidden=\"true\">*<\/span><\/label><input type=\"text\" id=\"wpforms-5009-field_1\" class=\"wpforms-field-medium wpforms-field-required\" name=\"wpforms[fields][1]\" aria-errormessage=\"wpforms-5009-field_1-error\" required><\/div><div id=\"wpforms-5009-field_6-container\" class=\"wpforms-field wpforms-field-name\" data-field-id=\"6\"><label class=\"wpforms-field-label\" for=\"wpforms-5009-field_6\">Apellidos <span class=\"wpforms-required-label\" aria-hidden=\"true\">*<\/span><\/label><input type=\"text\" id=\"wpforms-5009-field_6\" class=\"wpforms-field-medium wpforms-field-required\" name=\"wpforms[fields][6]\" aria-errormessage=\"wpforms-5009-field_6-error\" required><\/div><div id=\"wpforms-5009-field_2-container\" class=\"wpforms-field wpforms-field-email\" data-field-id=\"2\"><label class=\"wpforms-field-label\" for=\"wpforms-5009-field_2\">Email <span class=\"wpforms-required-label\" aria-hidden=\"true\">*<\/span><\/label><input type=\"email\" id=\"wpforms-5009-field_2\" class=\"wpforms-field-medium wpforms-field-required\" name=\"wpforms[fields][2]\" spellcheck=\"false\" aria-errormessage=\"wpforms-5009-field_2-error\" required><\/div><div id=\"wpforms-5009-field_7-container\" class=\"wpforms-field wpforms-field-number\" data-field-id=\"7\"><label class=\"wpforms-field-label\" for=\"wpforms-5009-field_7\">Tel\u00e9fono<\/label><input type=\"number\" id=\"wpforms-5009-field_7\" class=\"wpforms-field-medium\" name=\"wpforms[fields][7]\" step=\"any\" aria-errormessage=\"wpforms-5009-field_7-error\" ><\/div><div id=\"wpforms-5009-field_5-container\" class=\"wpforms-field wpforms-field-text\" data-field-id=\"5\"><label class=\"wpforms-field-label\" for=\"wpforms-5009-field_5\">Poblaci\u00f3n<\/label><input type=\"text\" id=\"wpforms-5009-field_5\" class=\"wpforms-field-medium\" name=\"wpforms[fields][5]\" aria-errormessage=\"wpforms-5009-field_5-error\" ><\/div><div id=\"wpforms-5009-field_3-container\" class=\"wpforms-field wpforms-field-checkbox\" data-field-id=\"3\"><fieldset><legend class=\"wpforms-field-label\">Pol\u00edtica de privacidad y protecci\u00f3n de datos: <span class=\"wpforms-required-label\" aria-hidden=\"true\">*<\/span><\/legend><ul id=\"wpforms-5009-field_3\" class=\"wpforms-field-required\"><li class=\"choice-1 depth-1\"><input type=\"checkbox\" id=\"wpforms-5009-field_3_1\" name=\"wpforms[fields][3][]\" value=\"ACEPTO la pol\u00edtica de privacidad y protecci\u00f3n de datos y ACEPTO los t\u00e9rminos y condiciones de uso de la web masquefarmacia.org\" aria-errormessage=\"wpforms-5009-field_3_1-error\" required ><label class=\"wpforms-field-label-inline\" for=\"wpforms-5009-field_3_1\">ACEPTO la pol\u00edtica de privacidad y protecci\u00f3n de datos y ACEPTO los t\u00e9rminos y condiciones de uso de la web masquefarmacia.org<\/label><\/li><\/ul><\/fieldset><\/div><\/div><!-- .wpforms-field-container --><div class=\"wpforms-submit-container\" ><input type=\"hidden\" name=\"wpforms[id]\" value=\"5009\"><input type=\"hidden\" name=\"page_title\" value=\"\"><input type=\"hidden\" name=\"page_url\" value=\"https:\/\/masquefarmacia.org\/index.php\/wp-json\/wp\/v2\/pages\/3499\"><input type=\"hidden\" name=\"url_referer\" value=\"\"><button type=\"submit\" name=\"wpforms[submit]\" id=\"wpforms-submit-5009\" class=\"wpforms-submit\" data-alt-text=\"Enviando...\" data-submit-text=\"Inscripci\u00f3n a curso\" aria-live=\"assertive\" value=\"wpforms-submit\">Inscripci\u00f3n a curso<\/button><img decoding=\"async\" src=\"https:\/\/masquefarmacia.org\/wp-content\/plugins\/wpforms-lite\/assets\/images\/submit-spin.svg\" class=\"wpforms-submit-spinner\" style=\"display: none;\" width=\"26\" height=\"26\" alt=\"Cargando\"><\/div><\/form><\/div>  <!-- .wpforms-container -->\n","protected":false},"excerpt":{"rendered":"<p>M\u00e1s que farmacia lanza una nueva edici\u00f3n del curso Atenci\u00f3n y Bienestar en Personas Mayores, acci\u00f3n formativa que se incluye dentro del programa Salud y Bienestar: Mayores en situaci\u00f3n de Vulnerabilidad y en Soledad que tiene la entidad para formar a profesionales de la salud y cuidadores en las habilidades necesarias para el cuidado de [&hellip;]<\/p>\n","protected":false},"author":1,"featured_media":3500,"parent":0,"menu_order":0,"comment_status":"closed","ping_status":"closed","template":"","meta":{"_monsterinsights_skip_tracking":false,"_monsterinsights_sitenote_active":false,"_monsterinsights_sitenote_note":"","_monsterinsights_sitenote_category":0,"footnotes":""},"class_list":["post-3499","page","type-page","status-publish","has-post-thumbnail","hentry"],"aioseo_notices":[],"jetpack_sharing_enabled":true,"_links":{"self":[{"href":"https:\/\/masquefarmacia.org\/index.php\/wp-json\/wp\/v2\/pages\/3499","targetHints":{"allow":["GET"]}}],"collection":[{"href":"https:\/\/masquefarmacia.org\/index.php\/wp-json\/wp\/v2\/pages"}],"about":[{"href":"https:\/\/masquefarmacia.org\/index.php\/wp-json\/wp\/v2\/types\/page"}],"author":[{"embeddable":true,"href":"https:\/\/masquefarmacia.org\/index.php\/wp-json\/wp\/v2\/users\/1"}],"replies":[{"embeddable":true,"href":"https:\/\/masquefarmacia.org\/index.php\/wp-json\/wp\/v2\/comments?post=3499"}],"version-history":[{"count":10,"href":"https:\/\/masquefarmacia.org\/index.php\/wp-json\/wp\/v2\/pages\/3499\/revisions"}],"predecessor-version":[{"id":5016,"href":"https:\/\/masquefarmacia.org\/index.php\/wp-json\/wp\/v2\/pages\/3499\/revisions\/5016"}],"wp:featuredmedia":[{"embeddable":true,"href":"https:\/\/masquefarmacia.org\/index.php\/wp-json\/wp\/v2\/media\/3500"}],"wp:attachment":[{"href":"https:\/\/masquefarmacia.org\/index.php\/wp-json\/wp\/v2\/media?parent=3499"}],"curies":[{"name":"wp","href":"https:\/\/api.w.org\/{rel}","templated":true}]}}