{"id":4126,"date":"2025-11-10T12:39:07","date_gmt":"2025-11-10T12:39:07","guid":{"rendered":"https:\/\/masquefarmacia.org\/?page_id=4126"},"modified":"2025-11-10T16:19:50","modified_gmt":"2025-11-10T16:19:50","slug":"pies_camino","status":"publish","type":"page","link":"https:\/\/masquefarmacia.org\/index.php\/pies_camino\/","title":{"rendered":"Tus pi\u00e9s son tu camino"},"content":{"rendered":"<div data-colibri-id=\"4126-c1\" class=\"style-809 style-local-4126-c1 position-relative\">\n  <!---->\n  <div data-colibri-component=\"section\" data-colibri-id=\"4126-c2\" id=\"content\" class=\"h-section h-section-global-spacing d-flex align-items-lg-center align-items-md-center align-items-center style-810 style-local-4126-c2 h-overflow-hidden position-relative\">\n    <!---->\n    <!---->\n    <div class=\"h-section-grid-container h-section-fluid-container\">\n      <!---->\n      <div data-colibri-id=\"4126-c3\" class=\"h-row-container gutters-row-lg-0 gutters-row-md-0 gutters-row-2 gutters-row-v-lg-0 gutters-row-v-md-0 gutters-row-v-2 style-811 style-local-4126-c3 position-relative\">\n        <!---->\n        <div class=\"h-row justify-content-lg-center justify-content-md-center justify-content-center align-items-lg-stretch align-items-md-stretch align-items-stretch gutters-col-lg-0 gutters-col-md-0 gutters-col-2 gutters-col-v-lg-0 gutters-col-v-md-0 gutters-col-v-2\">\n          <!---->\n          <div class=\"h-column h-column-container d-flex h-col-lg-auto h-col-md-auto h-col-auto style-812-outer style-local-4126-c4-outer\">\n            <div data-colibri-id=\"4126-c4\" class=\"d-flex h-flex-basis h-column__inner h-ui-empty-state-container h-px-lg-0 h-px-md-0 h-px-0 v-inner-lg-0 v-inner-md-0 v-inner-0 style-812 style-local-4126-c4 position-relative\">\n              <!---->\n              <!---->\n              <div class=\"w-100 h-y-container h-column__content h-column__v-align flex-basis-100\">\n                <!---->\n              <\/div>\n            <\/div>\n          <\/div>\n          <div class=\"h-column h-column-container d-flex h-col-lg-auto h-col-md-auto h-col-auto style-813-outer style-local-4126-c5-outer\">\n            <div data-colibri-id=\"4126-c5\" class=\"d-flex h-flex-basis h-column__inner h-px-lg-0 h-px-md-0 h-px-0 v-inner-lg-0 v-inner-md-0 v-inner-0 style-813 style-local-4126-c5 position-relative\">\n              <!---->\n              <!---->\n              <div class=\"w-100 h-y-container h-column__content h-column__v-align flex-basis-100 align-self-lg-start align-self-md-start align-self-start\">\n                <!---->\n                <div data-colibri-id=\"4126-c6\" class=\"h-global-transition-all h-heading style-814 style-local-4126-c6 position-relative h-element\">\n                  <!---->\n                  <div class=\"h-heading__outer style-814 style-local-4126-c6\">\n                    <!---->\n                    <!---->\n                    <h4 class=\"\">CAMPA\u00d1A CON PERSONAS SIN HOGAR<\/h4>\n                  <\/div>\n                <\/div>\n                <div data-colibri-id=\"4126-c7\" class=\"h-global-transition-all h-heading style-815 style-local-4126-c7 position-relative h-element\">\n                  <!---->\n                  <div class=\"h-heading__outer style-815 style-local-4126-c7\">\n                    <!---->\n                    <!---->\n                    <h2 class=\"\">Tus pi\u00e9s son tu camino, cu\u00eddalos<\/h2>\n                  <\/div>\n                <\/div>\n                <div data-colibri-id=\"4126-c8\" class=\"h-text h-text-component style-816 style-local-4126-c8 position-relative h-element\">\n                  <!---->\n                  <!---->\n                  <div class=\"\">\n                    <p>M\u00e1s Que Farmacia ha puesto en marcha la campa\u00f1a&nbsp;<strong>\u201cTus pies son tu camino, cu\u00eddalos\u201d<\/strong>, una iniciativa enmarcada dentro de su&nbsp;<strong>programa de atenci\u00f3n y bienestar a personas en situaci\u00f3n de sin hogar<\/strong>,\n                      con el objetivo de mejorar la salud podal de este colectivo y prevenir posibles complicaciones derivadas de la falta de cuidados y condiciones higi\u00e9nico-sanitarias adecuadas.\n                      <br>\n                    <\/p>\n                    <p>La campa\u00f1a, desarrollada en colaboraci\u00f3n con los&nbsp;<strong>Centros de atenci\u00f3n y duchas sociales de la Orden de Malta y Elige la Vida<\/strong>, consistir\u00e1 en la&nbsp;<strong>revisi\u00f3n de los pies de las personas sin techo<\/strong>&nbsp;que\n                      son atendidas en estos recursos, as\u00ed como en la&nbsp;<strong>detecci\u00f3n y tratamiento de afecciones frecuentes<\/strong>&nbsp;como hongos, callosidades, grietas o verrugas.<\/p>\n                    <p><strong>Urgo<\/strong>&nbsp;<strong>Healthcare<\/strong>&nbsp;colabora en el proyecto mediante la&nbsp;<strong>aportaci\u00f3n de productos sanitarios espec\u00edficos<\/strong>&nbsp;para la realizaci\u00f3n de los tratamientos y curas necesarias, contribuyendo\n                      as\u00ed a la mejora directa del bienestar de las personas atendidas.<\/p>\n                    <p>Asimismo, el proyecto cuenta con el&nbsp;<strong>apoyo del Colegio Oficial de Farmac\u00e9uticos de Sevilla<\/strong>, que participa activamente a trav\u00e9s de su compromiso con la acci\u00f3n social y la promoci\u00f3n de la salud desde la farmacia\n                      comunitaria.<\/p>\n                    <p>\n                      <br>\n                    <\/p>\n                  <\/div>\n                <\/div>\n                <div data-colibri-id=\"4126-c22\" class=\"h-x-container style-821 style-local-4126-c22 position-relative h-element\">\n                  <!---->\n                  <div class=\"h-x-container-inner style-dynamic-4126-c22-group style-821-spacing style-local-4126-c22-spacing\"><span class=\"h-button__outer style-822-outer style-local-4126-c23-outer d-inline-flex h-element\"><a h-use-smooth-scroll=\"true\" href=\"https:\/\/youtu.be\/MHGPNy68vZ4?si=uS2pLwMCxVuhSiqn\"  data-colibri-id=\"4126-c23\" class=\"d-flex w-100 align-items-center h-button justify-content-lg-center justify-content-md-center justify-content-center style-822 style-local-4126-c23 position-relative\"><!----><!----> <span>Acceso al v\u00eddeo did\u00e1ctico<\/span><\/a>\n                    <\/span><span class=\"h-button__outer style-823-outer style-local-4126-c24-outer d-inline-flex h-element\"><a h-use-smooth-scroll=\"true\" href=\"https:\/\/flic.kr\/p\/2rECzUy\"  data-colibri-id=\"4126-c24\" class=\"d-flex w-100 align-items-center h-button justify-content-lg-center justify-content-md-center justify-content-center style-823 style-local-4126-c24 position-relative\"><!----><!----> <span>Acceso a Infograf\u00eda del proyecto<\/span><\/a>\n                    <\/span>\n                  <\/div>\n                <\/div>\n              <\/div>\n            <\/div>\n          <\/div>\n        <\/div>\n      <\/div>\n    <\/div>\n  <\/div>\n<\/div>","protected":false},"excerpt":{"rendered":"<p>CAMPA\u00d1A CON PERSONAS SIN HOGAR Tus pi\u00e9s son tu camino, cu\u00eddalos M\u00e1s Que Farmacia ha puesto en marcha la campa\u00f1a&nbsp;\u201cTus pies son tu camino, cu\u00eddalos\u201d, una iniciativa enmarcada dentro de su&nbsp;programa de atenci\u00f3n y bienestar a personas en situaci\u00f3n de sin hogar, con el objetivo de mejorar la salud podal de este colectivo y prevenir [&hellip;]<\/p>\n","protected":false},"author":1,"featured_media":0,"parent":0,"menu_order":0,"comment_status":"closed","ping_status":"closed","template":"page-templates\/full-width-page.php","meta":{"_monsterinsights_skip_tracking":false,"_monsterinsights_sitenote_active":false,"_monsterinsights_sitenote_note":"","_monsterinsights_sitenote_category":0,"footnotes":""},"class_list":["post-4126","page","type-page","status-publish","hentry"],"aioseo_notices":[],"jetpack_sharing_enabled":true,"_links":{"self":[{"href":"https:\/\/masquefarmacia.org\/index.php\/wp-json\/wp\/v2\/pages\/4126","targetHints":{"allow":["GET"]}}],"collection":[{"href":"https:\/\/masquefarmacia.org\/index.php\/wp-json\/wp\/v2\/pages"}],"about":[{"href":"https:\/\/masquefarmacia.org\/index.php\/wp-json\/wp\/v2\/types\/page"}],"author":[{"embeddable":true,"href":"https:\/\/masquefarmacia.org\/index.php\/wp-json\/wp\/v2\/users\/1"}],"replies":[{"embeddable":true,"href":"https:\/\/masquefarmacia.org\/index.php\/wp-json\/wp\/v2\/comments?post=4126"}],"version-history":[{"count":7,"href":"https:\/\/masquefarmacia.org\/index.php\/wp-json\/wp\/v2\/pages\/4126\/revisions"}],"predecessor-version":[{"id":4162,"href":"https:\/\/masquefarmacia.org\/index.php\/wp-json\/wp\/v2\/pages\/4126\/revisions\/4162"}],"wp:attachment":[{"href":"https:\/\/masquefarmacia.org\/index.php\/wp-json\/wp\/v2\/media?parent=4126"}],"curies":[{"name":"wp","href":"https:\/\/api.w.org\/{rel}","templated":true}]}}