{"id":4239,"date":"2025-11-28T09:37:11","date_gmt":"2025-11-28T09:37:11","guid":{"rendered":"https:\/\/masquefarmacia.org\/?page_id=4239"},"modified":"2025-12-15T00:08:18","modified_gmt":"2025-12-15T00:08:18","slug":"juegos-contra-la-soledad","status":"publish","type":"page","link":"https:\/\/masquefarmacia.org\/index.php\/juegos-contra-la-soledad\/","title":{"rendered":"Juegos Contra la Soledad"},"content":{"rendered":"<div data-colibri-id=\"4239-c1\" class=\"style-825 style-local-4239-c1 position-relative\">\n  <!---->\n  <div data-colibri-component=\"section\" data-colibri-id=\"4239-c2\" id=\"about\" class=\"h-section h-section-global-spacing d-flex align-items-lg-center align-items-md-center align-items-center style-826 style-local-4239-c2 position-relative\">\n    <!---->\n    <!---->\n    <div class=\"h-section-grid-container h-section-boxed-container\">\n      <!---->\n      <div data-colibri-id=\"4239-c3\" class=\"h-row-container gutters-row-lg-0 gutters-row-md-0 gutters-row-0 gutters-row-v-lg-0 gutters-row-v-md-0 gutters-row-v-0 style-827 style-local-4239-c3 position-relative\">\n        <!---->\n        <div class=\"h-row justify-content-lg-center justify-content-md-center justify-content-center align-items-lg-stretch align-items-md-stretch align-items-stretch gutters-col-lg-0 gutters-col-md-0 gutters-col-0 gutters-col-v-lg-0 gutters-col-v-md-0 gutters-col-v-0\">\n          <!---->\n          <div class=\"h-column h-column-container d-flex h-col-lg-auto h-col-md-auto h-col-auto style-828-outer style-local-4239-c4-outer\">\n            <div data-colibri-id=\"4239-c4\" class=\"d-flex h-flex-basis h-column__inner h-px-lg-0 h-px-md-0 h-px-0 v-inner-lg-0 v-inner-md-0 v-inner-0 style-828 style-local-4239-c4 position-relative\">\n              <!---->\n              <!---->\n              <div class=\"w-100 h-y-container h-column__content h-column__v-align flex-basis-100 align-self-lg-start align-self-md-start align-self-start\">\n                <!---->\n                <div data-colibri-id=\"4239-c5\" class=\"h-global-transition-all h-heading style-829 style-local-4239-c5 position-relative h-element\">\n                  <!---->\n                  <div class=\"h-heading__outer style-829 style-local-4239-c5\">\n                    <!---->\n                    <!---->\n                    <h5 class=\"\">Salud y Bienestar-Mayores<\/h5>\n                  <\/div>\n                <\/div>\n                <div data-colibri-id=\"4239-c6\" class=\"h-global-transition-all h-heading style-830 style-local-4239-c6 position-relative h-element\">\n                  <!---->\n                  <div class=\"h-heading__outer style-830 style-local-4239-c6\">\n                    <!---->\n                    <!---->\n                    <h2 class=\"\">Juegos Contra la Soledad-Dona un juego, regala compa\u00f1\u00eda<\/h2>\n                  <\/div>\n                <\/div>\n                <div data-colibri-id=\"4239-c7\" class=\"h-text h-text-component style-831 style-local-4239-c7 position-relative h-element\">\n                  <!---->\n                  <!---->\n                  <div class=\"\">\n                    <p>Proyecto dise\u00f1ado para fomentar el juego en grupo como herramienta de conexi\u00f3n y bienestar entre nuestros mayores. <\/p>\n                    <p>A trav\u00e9s de din\u00e1micas participativas y accesibles, buscamos combatir la soledad no deseada y fortalecer los v\u00ednculos sociales. <\/p>\n                    <p>Cada sesi\u00f3n estimula la memoria, la atenci\u00f3n y otras funciones cognitivas clave para un envejecimiento saludable. Promovemos un espacio seguro, cercano y alegre donde las personas mayores se sientan acompa\u00f1adas y activas. <\/p>\n                    <p>Un proyecto que une diversi\u00f3n, salud y compa\u00f1\u00eda para mejorar la calidad de vida.<\/p>\n                  <\/div>\n                <\/div>\n                <div data-colibri-id=\"4239-c8\" class=\"h-x-container style-849 style-local-4239-c8 position-relative h-element\">\n                  <!---->\n                  <div class=\"h-x-container-inner style-dynamic-4239-c8-group style-849-spacing style-local-4239-c8-spacing\"><span class=\"h-button__outer style-850-outer style-local-4239-c9-outer d-inline-flex h-element\"><a h-use-smooth-scroll=\"true\" href=\"https:\/\/masquefarmacia.org\/wp-content\/uploads\/2025\/12\/El-juego-en-personas-mayores.pdf\"  data-colibri-id=\"4239-c9\" class=\"d-flex w-100 align-items-center h-button justify-content-lg-center justify-content-md-center justify-content-center style-850 style-local-4239-c9 position-relative\"><!----><!----> <span>DESCARGAR INFOGRAF\u00cdA-EL JUEGO EN EQUIPO EN PERSONAS MAYORES<\/span><\/a>\n                    <\/span>\n                  <\/div>\n                <\/div>\n              <\/div>\n            <\/div>\n          <\/div>\n          <div class=\"h-column h-column-container d-flex h-col-lg-auto h-col-md-auto h-col-auto style-832-outer style-local-4239-c10-outer\">\n            <div data-colibri-id=\"4239-c10\" class=\"d-flex h-flex-basis h-column__inner h-ui-empty-state-container h-px-lg-2 h-px-md-2 h-px-2 v-inner-lg-2 v-inner-md-2 v-inner-2 style-832 style-local-4239-c10 position-relative\">\n              <!---->\n              <!---->\n              <div class=\"w-100 h-y-container h-column__content h-column__v-align flex-basis-100\">\n                <!---->\n              <\/div>\n            <\/div>\n          <\/div>\n        <\/div>\n      <\/div>\n      <div data-colibri-id=\"4239-c11\" class=\"h-row-container gutters-row-lg-2 gutters-row-md-2 gutters-row-0 gutters-row-v-lg-2 gutters-row-v-md-2 gutters-row-v-2 style-858 style-local-4239-c11 position-relative\">\n        <!---->\n        <div class=\"h-row justify-content-lg-center justify-content-md-center justify-content-center align-items-lg-stretch align-items-md-stretch align-items-stretch gutters-col-lg-2 gutters-col-md-2 gutters-col-0 gutters-col-v-lg-2 gutters-col-v-md-2 gutters-col-v-2\">\n          <!---->\n          <div class=\"h-column h-column-container d-flex h-col-lg-auto h-col-md-auto h-col-auto style-859-outer style-local-4239-c12-outer\">\n            <div data-colibri-id=\"4239-c12\" class=\"d-flex h-flex-basis h-column__inner h-px-lg-2 h-px-md-2 h-px-2 v-inner-lg-2 v-inner-md-2 v-inner-2 style-859 style-local-4239-c12 position-relative\">\n              <!---->\n              <!---->\n              <div class=\"w-100 h-y-container h-column__content h-column__v-align flex-basis-100 align-self-lg-start align-self-md-start align-self-start\">\n                <!---->\n                <div data-colibri-id=\"4239-c13\" class=\"h-text h-text-component style-860 style-local-4239-c13 position-relative h-element\">\n                  <!---->\n                  <!---->\n                  <div class=\"\">\n                    <p>Como puedo participar<\/p>\n                  <\/div>\n                <\/div>\n                <div data-colibri-id=\"4239-c14\" class=\"h-text h-text-component style-864 style-local-4239-c14 position-relative h-element\">\n                  <!---->\n                  <!---->\n                  <div class=\"\">\n                    <p>Puedes colaborar en el proyecto comprando un juego a trav\u00e9s de nuestra web -pulsa en la pieza- y nosotros lo entregaremos en las distintas sedes en las que desarrollamos el proyecto Salud y Bienestar en Mayores.<\/p>\n                  <\/div>\n                <\/div>\n              <\/div>\n            <\/div>\n          <\/div>\n        <\/div>\n      <\/div>\n      <div data-colibri-id=\"4239-c15\" class=\"h-row-container gutters-row-lg-2 gutters-row-md-2 gutters-row-0 gutters-row-v-lg-2 gutters-row-v-md-2 gutters-row-v-2 style-838 style-local-4239-c15 position-relative\">\n        <!---->\n        <div class=\"h-row justify-content-lg-center justify-content-md-center justify-content-center align-items-lg-stretch align-items-md-stretch align-items-stretch gutters-col-lg-2 gutters-col-md-2 gutters-col-0 gutters-col-v-lg-2 gutters-col-v-md-2 gutters-col-v-2\">\n          <!---->\n          <div class=\"h-column h-column-container d-flex h-col-lg-auto h-col-md-auto h-col-auto style-839-outer style-local-4239-c16-outer\">\n            <div data-colibri-id=\"4239-c16\" class=\"d-flex h-flex-basis h-column__inner h-px-lg-2 h-px-md-2 h-px-2 v-inner-lg-2 v-inner-md-2 v-inner-2 style-839 style-local-4239-c16 position-relative\">\n              <!---->\n              <!---->\n              <div class=\"w-100 h-y-container h-column__content h-column__v-align flex-basis-100 align-self-lg-start align-self-md-start align-self-start\">\n                <!---->\n                <div data-colibri-id=\"4239-c17\" class=\"d-block style-851 style-local-4239-c17 position-relative h-element\">\n                  <!---->\n                  <div class=\"h-image__frame-container-outer\">\n                    <a href=\"https:\/\/masquefarmacia.org\/index.php\/categoria-producto\/juegacontralasoledad\/\" h-use-smooth-scroll=\"true\" class=\"image-link\">\n                      <div class=\"h-image__frame-container\">\n                        <!---->\n                        <!---->\n                        <img decoding=\"async\" src=\"https:\/\/masquefarmacia.org\/wp-content\/uploads\/2025\/12\/cropped-logo_sinfondo-768x537.png\" class=\"style-851-image style-local-4239-c17-image\">\n                        <div class=\"h-image__frame h-hide-lg h-hide-md h-hide-sm style-851-frameImage style-local-4239-c17-frameImage\"><\/div>\n                      <\/div>\n                    <\/a>\n                  <\/div>\n                <\/div>\n              <\/div>\n            <\/div>\n          <\/div>\n        <\/div>\n      <\/div>\n      <div data-colibri-id=\"4239-c18\" class=\"h-row-container gutters-row-lg-2 gutters-row-md-2 gutters-row-0 gutters-row-v-lg-2 gutters-row-v-md-2 gutters-row-v-2 style-861 style-local-4239-c18 position-relative\">\n        <!---->\n        <div class=\"h-row justify-content-lg-center justify-content-md-center justify-content-center align-items-lg-stretch align-items-md-stretch align-items-stretch gutters-col-lg-2 gutters-col-md-2 gutters-col-0 gutters-col-v-lg-2 gutters-col-v-md-2 gutters-col-v-2\">\n          <!---->\n          <div class=\"h-column h-column-container d-flex h-col-lg-auto h-col-md-auto h-col-auto style-862-outer style-local-4239-c19-outer\">\n            <div data-colibri-id=\"4239-c19\" class=\"d-flex h-flex-basis h-column__inner h-px-lg-2 h-px-md-2 h-px-2 v-inner-lg-2 v-inner-md-2 v-inner-2 style-862 style-local-4239-c19 position-relative\">\n              <!---->\n              <!---->\n              <div class=\"w-100 h-y-container h-column__content h-column__v-align flex-basis-100 align-self-lg-start align-self-md-start align-self-start\">\n                <!---->\n                <div data-colibri-id=\"4239-c20\" class=\"h-text h-text-component style-863 style-local-4239-c20 position-relative h-element\">\n                  <!---->\n                  <!---->\n                  <div class=\"\">\n                    <p>Porqu\u00e9 Juegos contra la Soledad<\/p>\n                  <\/div>\n                <\/div>\n              <\/div>\n            <\/div>\n          <\/div>\n        <\/div>\n      <\/div>\n      <div data-colibri-id=\"4239-c21\" class=\"h-row-container gutters-row-lg-2 gutters-row-md-2 gutters-row-0 gutters-row-v-lg-2 gutters-row-v-md-2 gutters-row-v-2 style-855 style-local-4239-c21 position-relative\">\n        <!---->\n        <div class=\"h-row justify-content-lg-center justify-content-md-center justify-content-center align-items-lg-stretch align-items-md-stretch align-items-stretch gutters-col-lg-2 gutters-col-md-2 gutters-col-0 gutters-col-v-lg-2 gutters-col-v-md-2 gutters-col-v-2\">\n          <!---->\n          <div class=\"h-column h-column-container d-flex h-col-lg-auto h-col-md-auto h-col-auto style-856-outer style-local-4239-c22-outer\">\n            <div data-colibri-id=\"4239-c22\" class=\"d-flex h-flex-basis h-column__inner h-px-lg-2 h-px-md-2 h-px-2 v-inner-lg-2 v-inner-md-2 v-inner-2 style-856 style-local-4239-c22 position-relative\">\n              <!---->\n              <!---->\n              <div class=\"w-100 h-y-container h-column__content h-column__v-align flex-basis-100 align-self-lg-start align-self-md-start align-self-start\">\n                <!---->\n                <div data-colibri-id=\"4239-c23\" class=\"d-block style-857 style-local-4239-c23 position-relative h-element\">\n                  <!---->\n                  <div class=\"h-image__frame-container-outer\">\n                    <div class=\"h-image__frame-container\">\n                      <!---->\n                      <!---->\n                      <img decoding=\"async\" src=\"https:\/\/masquefarmacia.org\/wp-content\/uploads\/2025\/12\/cropped-El-juego-en-personas-mayores-818x1024.png\" class=\"style-857-image style-local-4239-c23-image\">\n                      <div class=\"h-image__frame h-hide-lg h-hide-md h-hide-sm style-857-frameImage style-local-4239-c23-frameImage\"><\/div>\n                    <\/div>\n                  <\/div>\n                <\/div>\n              <\/div>\n            <\/div>\n          <\/div>\n        <\/div>\n      <\/div>\n    <\/div>\n  <\/div>\n<\/div>","protected":false},"excerpt":{"rendered":"<p>Salud y Bienestar-Mayores Juegos Contra la Soledad-Dona un juego, regala compa\u00f1\u00eda Proyecto dise\u00f1ado para fomentar el juego en grupo como herramienta de conexi\u00f3n y bienestar entre nuestros mayores. A trav\u00e9s de din\u00e1micas participativas y accesibles, buscamos combatir la soledad no deseada y fortalecer los v\u00ednculos sociales. Cada sesi\u00f3n estimula la memoria, la atenci\u00f3n y otras [&hellip;]<\/p>\n","protected":false},"author":1,"featured_media":0,"parent":0,"menu_order":0,"comment_status":"closed","ping_status":"closed","template":"page-templates\/full-width-page.php","meta":{"_monsterinsights_skip_tracking":false,"_monsterinsights_sitenote_active":false,"_monsterinsights_sitenote_note":"","_monsterinsights_sitenote_category":0,"footnotes":""},"class_list":["post-4239","page","type-page","status-publish","hentry"],"aioseo_notices":[],"jetpack_sharing_enabled":true,"_links":{"self":[{"href":"https:\/\/masquefarmacia.org\/index.php\/wp-json\/wp\/v2\/pages\/4239","targetHints":{"allow":["GET"]}}],"collection":[{"href":"https:\/\/masquefarmacia.org\/index.php\/wp-json\/wp\/v2\/pages"}],"about":[{"href":"https:\/\/masquefarmacia.org\/index.php\/wp-json\/wp\/v2\/types\/page"}],"author":[{"embeddable":true,"href":"https:\/\/masquefarmacia.org\/index.php\/wp-json\/wp\/v2\/users\/1"}],"replies":[{"embeddable":true,"href":"https:\/\/masquefarmacia.org\/index.php\/wp-json\/wp\/v2\/comments?post=4239"}],"version-history":[{"count":12,"href":"https:\/\/masquefarmacia.org\/index.php\/wp-json\/wp\/v2\/pages\/4239\/revisions"}],"predecessor-version":[{"id":4515,"href":"https:\/\/masquefarmacia.org\/index.php\/wp-json\/wp\/v2\/pages\/4239\/revisions\/4515"}],"wp:attachment":[{"href":"https:\/\/masquefarmacia.org\/index.php\/wp-json\/wp\/v2\/media?parent=4239"}],"curies":[{"name":"wp","href":"https:\/\/api.w.org\/{rel}","templated":true}]}}