{"id":619,"date":"2022-12-21T11:29:04","date_gmt":"2022-12-21T11:29:04","guid":{"rendered":"https:\/\/masquefarmacia.org\/?page_id=619"},"modified":"2022-12-21T12:01:10","modified_gmt":"2022-12-21T12:01:10","slug":"terminos-y-condiciones-de-uso","status":"publish","type":"page","link":"https:\/\/masquefarmacia.org\/index.php\/terminos-y-condiciones-de-uso\/","title":{"rendered":"T\u00e9rminos y condiciones de uso"},"content":{"rendered":"\n<p><strong>Para dar cumplimiento al art\u00edculo 10 de la Ley 34\/2002, del 11 de julio, de servicios de la Sociedad de la Informaci\u00f3n y Comercio Electr\u00f3nico (LSSICE), <\/strong>es necesario que incluimos los t\u00e9rminos y condiciones de uso de los servicios contemplados en nuestra web.<\/p>\n\n\n\n<p>Ley de Servicios de la Sociedad de la Informaci\u00f3n y Comercio Electr\u00f3nico (34\/2002 de 11 de julio)<\/p>\n\n\n\n<p>Art\u00edculo 10 Informaci\u00f3n general<\/p>\n\n\n\n<p>a) la web y los servicios ofrecidos en ella son propiedad y responsabilidad de MASQUEFARMACIA ORG con domicilio en la Calle Jazmines de Bormujos en Sevilla, CP 41930. <\/p>\n\n\n\n<p>Email: info@masquefarmacia.org <\/p>\n\n\n\n<p>b) Entidad inscrita en el Registro Nacional de Asociaciones con el n\u00famero 625282<\/p>\n\n\n\n<p>c) CIF: G10922912<\/p>\n\n\n\n<p>As\u00ed como que tengan completado los t\u00e9rminos y condiciones referentes a:<\/p>\n\n\n\n<p>&#8211; Cancelaci\u00f3n de pedidos: Los servicios ofrecidos en la web relacionados con el comercio electr\u00f3nico, no incluyen la devoluci\u00f3n de pagos al tratarse de donaciones irrevocables. Exactamente igual para devoluci\u00f3n y reembolso.<\/p>\n\n\n\n<p>&#8211; Seguridad Protecci\u00f3n a compradores. Nuestra web cuenta con el certificado de seguridad ofrecido por nuestro proveedor de hosting que asegura la privacidad de cualquier informaci\u00f3n que se env\u00eda a trav\u00e9s de la web.<\/p>\n\n\n\n<p>&#8211; Env\u00edos, privacidad y protecci\u00f3n de datos: En cada donaci\u00f3n, el donante deber\u00e1 aceptar nuestra pol\u00edtica de privacidad as\u00ed como la informaci\u00f3n correspondiente a la protecci\u00f3n de datos.<\/p>\n","protected":false},"excerpt":{"rendered":"<p>Para dar cumplimiento al art\u00edculo 10 de la Ley 34\/2002, del 11 de julio, de servicios de la Sociedad de la Informaci\u00f3n y Comercio Electr\u00f3nico (LSSICE), es necesario que incluimos los t\u00e9rminos y condiciones de uso de los servicios contemplados en nuestra web. Ley de Servicios de la Sociedad de la Informaci\u00f3n y Comercio Electr\u00f3nico [&hellip;]<\/p>\n","protected":false},"author":1,"featured_media":0,"parent":0,"menu_order":0,"comment_status":"closed","ping_status":"closed","template":"","meta":{"_monsterinsights_skip_tracking":false,"_monsterinsights_sitenote_active":false,"_monsterinsights_sitenote_note":"","_monsterinsights_sitenote_category":0,"footnotes":""},"class_list":["post-619","page","type-page","status-publish","hentry"],"aioseo_notices":[],"jetpack_sharing_enabled":true,"_links":{"self":[{"href":"https:\/\/masquefarmacia.org\/index.php\/wp-json\/wp\/v2\/pages\/619","targetHints":{"allow":["GET"]}}],"collection":[{"href":"https:\/\/masquefarmacia.org\/index.php\/wp-json\/wp\/v2\/pages"}],"about":[{"href":"https:\/\/masquefarmacia.org\/index.php\/wp-json\/wp\/v2\/types\/page"}],"author":[{"embeddable":true,"href":"https:\/\/masquefarmacia.org\/index.php\/wp-json\/wp\/v2\/users\/1"}],"replies":[{"embeddable":true,"href":"https:\/\/masquefarmacia.org\/index.php\/wp-json\/wp\/v2\/comments?post=619"}],"version-history":[{"count":2,"href":"https:\/\/masquefarmacia.org\/index.php\/wp-json\/wp\/v2\/pages\/619\/revisions"}],"predecessor-version":[{"id":622,"href":"https:\/\/masquefarmacia.org\/index.php\/wp-json\/wp\/v2\/pages\/619\/revisions\/622"}],"wp:attachment":[{"href":"https:\/\/masquefarmacia.org\/index.php\/wp-json\/wp\/v2\/media?parent=619"}],"curies":[{"name":"wp","href":"https:\/\/api.w.org\/{rel}","templated":true}]}}