{"id":691,"date":"2023-04-10T14:41:31","date_gmt":"2023-04-10T14:41:31","guid":{"rendered":"https:\/\/masquefarmacia.org\/?page_id=691"},"modified":"2023-04-10T14:44:01","modified_gmt":"2023-04-10T14:44:01","slug":"banco-de-recursos-farmaceuticos-2","status":"publish","type":"page","link":"https:\/\/masquefarmacia.org\/index.php\/banco-de-recursos-farmaceuticos-2\/","title":{"rendered":"Banco de Recursos Farmac\u00e9uticos"},"content":{"rendered":"\n<p class=\"has-text-align-left has-medium-font-size\"><strong>10-04 &#8211; 2023<\/strong>: DONACI\u00d3N AYUDA A SIRIA POR EL TERREMOTO<\/p>\n\n\n\n<p>Gracias a las ayudas recibidas se ha conseguido m\u00e1s de 1.500 Kg de  material sanitario, entre los que cabe destacar ( apositos, material de cura, equipos quir\u00fargicos, guantes quir\u00fargicos, material ortopedia, instrumental quir\u00fargico, tensiometros, term\u00f3metros, material traumatol\u00f3gico, etc). Dicho material ser\u00e1 llevado por nuestros colaboradores en emergencias la ONG Guardia Civiles Solidarios.<\/p>\n\n\n\n<p>Este terremoto suma a una crisis que ya sufr\u00edan millones de personas en territorio sirio y en la frontera con Turqu\u00eda, de una guerra que suma ya m\u00e1s de 12 a\u00f1os y las necesidades han crecido m\u00e1s que en cualquier otro momento del conflicto.<\/p>\n","protected":false},"excerpt":{"rendered":"<p>10-04 &#8211; 2023: DONACI\u00d3N AYUDA A SIRIA POR EL TERREMOTO Gracias a las ayudas recibidas se ha conseguido m\u00e1s de 1.500 Kg de material sanitario, entre los que cabe destacar ( apositos, material de cura, equipos quir\u00fargicos, guantes quir\u00fargicos, material ortopedia, instrumental quir\u00fargico, tensiometros, term\u00f3metros, material traumatol\u00f3gico, etc). Dicho material ser\u00e1 llevado por nuestros colaboradores [&hellip;]<\/p>\n","protected":false},"author":2,"featured_media":0,"parent":0,"menu_order":0,"comment_status":"closed","ping_status":"closed","template":"","meta":{"_monsterinsights_skip_tracking":false,"_monsterinsights_sitenote_active":false,"_monsterinsights_sitenote_note":"","_monsterinsights_sitenote_category":0,"footnotes":""},"class_list":["post-691","page","type-page","status-publish","hentry"],"aioseo_notices":[],"jetpack_sharing_enabled":true,"_links":{"self":[{"href":"https:\/\/masquefarmacia.org\/index.php\/wp-json\/wp\/v2\/pages\/691","targetHints":{"allow":["GET"]}}],"collection":[{"href":"https:\/\/masquefarmacia.org\/index.php\/wp-json\/wp\/v2\/pages"}],"about":[{"href":"https:\/\/masquefarmacia.org\/index.php\/wp-json\/wp\/v2\/types\/page"}],"author":[{"embeddable":true,"href":"https:\/\/masquefarmacia.org\/index.php\/wp-json\/wp\/v2\/users\/2"}],"replies":[{"embeddable":true,"href":"https:\/\/masquefarmacia.org\/index.php\/wp-json\/wp\/v2\/comments?post=691"}],"version-history":[{"count":2,"href":"https:\/\/masquefarmacia.org\/index.php\/wp-json\/wp\/v2\/pages\/691\/revisions"}],"predecessor-version":[{"id":823,"href":"https:\/\/masquefarmacia.org\/index.php\/wp-json\/wp\/v2\/pages\/691\/revisions\/823"}],"wp:attachment":[{"href":"https:\/\/masquefarmacia.org\/index.php\/wp-json\/wp\/v2\/media?parent=691"}],"curies":[{"name":"wp","href":"https:\/\/api.w.org\/{rel}","templated":true}]}}