{"id":4086,"date":"2025-12-06T11:01:56","date_gmt":"2025-12-06T11:01:56","guid":{"rendered":"https:\/\/masquefarmacia.org\/?post_type=product&#038;p=4086"},"modified":"2025-12-10T18:13:37","modified_gmt":"2025-12-10T18:13:37","slug":"juego-de-la-oca","status":"publish","type":"product","link":"https:\/\/masquefarmacia.org\/index.php\/producto\/juego-de-la-oca\/","title":{"rendered":"Parch\u00eds-Juego de la Oca"},"content":{"rendered":"<p><strong>Parch\u00eds-Juego de la oca: <\/strong>Favorece la interacci\u00f3n social, creando momentos de conversaci\u00f3n y risa compartida. Estimula la memoria y la atenci\u00f3n, al requerir seguir el recorrido y recordar reglas sencillas. Refuerza el sentido de pertenencia y participaci\u00f3n grupal, reduciendo la sensaci\u00f3n de aislamiento. Promueve la motivaci\u00f3n y el disfrute, al integrar el azar y la emoci\u00f3n del juego. Adem\u00e1s, facilita la estimulaci\u00f3n cognitiva y emocional, contribuyendo al bienestar general de las personas mayores.<\/p>\n","protected":false},"excerpt":{"rendered":"<p><strong>Juego de la oca: <\/strong>Favorece la interacci\u00f3n social, creando momentos de conversaci\u00f3n y risa compartida. Estimula la memoria y la atenci\u00f3n, al requerir seguir el recorrido y recordar reglas sencillas. Refuerza el sentido de pertenencia y participaci\u00f3n grupal, reduciendo la sensaci\u00f3n de aislamiento. Promueve la motivaci\u00f3n y el disfrute, al integrar el azar y la emoci\u00f3n del juego. Adem\u00e1s, facilita la estimulaci\u00f3n cognitiva y emocional, contribuyendo al bienestar general de las personas mayores.<\/p>\n","protected":false},"featured_media":4229,"comment_status":"open","ping_status":"closed","template":"","meta":{"_monsterinsights_skip_tracking":false,"_monsterinsights_sitenote_active":false,"_monsterinsights_sitenote_note":"","_monsterinsights_sitenote_category":0},"product_brand":[],"product_cat":[33],"product_tag":[],"class_list":{"0":"post-4086","1":"product","2":"type-product","3":"status-publish","4":"has-post-thumbnail","6":"product_cat-juegacontralasoledad","8":"first","9":"instock","10":"virtual","11":"purchasable","12":"product-type-simple"},"aioseo_notices":[],"jetpack_sharing_enabled":true,"_links":{"self":[{"href":"https:\/\/masquefarmacia.org\/index.php\/wp-json\/wp\/v2\/product\/4086","targetHints":{"allow":["GET"]}}],"collection":[{"href":"https:\/\/masquefarmacia.org\/index.php\/wp-json\/wp\/v2\/product"}],"about":[{"href":"https:\/\/masquefarmacia.org\/index.php\/wp-json\/wp\/v2\/types\/product"}],"replies":[{"embeddable":true,"href":"https:\/\/masquefarmacia.org\/index.php\/wp-json\/wp\/v2\/comments?post=4086"}],"wp:featuredmedia":[{"embeddable":true,"href":"https:\/\/masquefarmacia.org\/index.php\/wp-json\/wp\/v2\/media\/4229"}],"wp:attachment":[{"href":"https:\/\/masquefarmacia.org\/index.php\/wp-json\/wp\/v2\/media?parent=4086"}],"wp:term":[{"taxonomy":"product_brand","embeddable":true,"href":"https:\/\/masquefarmacia.org\/index.php\/wp-json\/wp\/v2\/product_brand?post=4086"},{"taxonomy":"product_cat","embeddable":true,"href":"https:\/\/masquefarmacia.org\/index.php\/wp-json\/wp\/v2\/product_cat?post=4086"},{"taxonomy":"product_tag","embeddable":true,"href":"https:\/\/masquefarmacia.org\/index.php\/wp-json\/wp\/v2\/product_tag?post=4086"}],"curies":[{"name":"wp","href":"https:\/\/api.w.org\/{rel}","templated":true}]}}