{"id":4398,"date":"2025-12-08T23:53:04","date_gmt":"2025-12-08T23:53:04","guid":{"rendered":"https:\/\/masquefarmacia.org\/?post_type=product&#038;p=4398"},"modified":"2025-12-10T18:14:45","modified_gmt":"2025-12-10T18:14:45","slug":"otros-juegos","status":"publish","type":"product","link":"https:\/\/masquefarmacia.org\/index.php\/producto\/otros-juegos\/","title":{"rendered":"Otros Juegos"},"content":{"rendered":"<p><strong>Otros Juegos: <\/strong>Juegos\u00a0 de diferente tipo siguiendo el criteio de nuestros t\u00e9cnicos, eligiendo el tipo de juego que m\u00e1s se ajuste a las necesidades de nuestros usuarios. Puzle, petanca. monopoly&#8230;juegos con distintas caracter\u00edsticas que servir\u00e1n como elementos de estimulos neurol\u00f3gicos y socializaci\u00f3n.<\/p>\n","protected":false},"excerpt":{"rendered":"<p><strong>Otros Juegos<\/strong><\/p>\n","protected":false},"featured_media":4399,"comment_status":"open","ping_status":"closed","template":"","meta":{"_monsterinsights_skip_tracking":false,"_monsterinsights_sitenote_active":false,"_monsterinsights_sitenote_note":"","_monsterinsights_sitenote_category":0},"product_brand":[],"product_cat":[33],"product_tag":[],"class_list":{"0":"post-4398","1":"product","2":"type-product","3":"status-publish","4":"has-post-thumbnail","6":"product_cat-juegacontralasoledad","8":"first","9":"instock","10":"virtual","11":"purchasable","12":"product-type-simple"},"aioseo_notices":[],"jetpack_sharing_enabled":true,"_links":{"self":[{"href":"https:\/\/masquefarmacia.org\/index.php\/wp-json\/wp\/v2\/product\/4398","targetHints":{"allow":["GET"]}}],"collection":[{"href":"https:\/\/masquefarmacia.org\/index.php\/wp-json\/wp\/v2\/product"}],"about":[{"href":"https:\/\/masquefarmacia.org\/index.php\/wp-json\/wp\/v2\/types\/product"}],"replies":[{"embeddable":true,"href":"https:\/\/masquefarmacia.org\/index.php\/wp-json\/wp\/v2\/comments?post=4398"}],"wp:featuredmedia":[{"embeddable":true,"href":"https:\/\/masquefarmacia.org\/index.php\/wp-json\/wp\/v2\/media\/4399"}],"wp:attachment":[{"href":"https:\/\/masquefarmacia.org\/index.php\/wp-json\/wp\/v2\/media?parent=4398"}],"wp:term":[{"taxonomy":"product_brand","embeddable":true,"href":"https:\/\/masquefarmacia.org\/index.php\/wp-json\/wp\/v2\/product_brand?post=4398"},{"taxonomy":"product_cat","embeddable":true,"href":"https:\/\/masquefarmacia.org\/index.php\/wp-json\/wp\/v2\/product_cat?post=4398"},{"taxonomy":"product_tag","embeddable":true,"href":"https:\/\/masquefarmacia.org\/index.php\/wp-json\/wp\/v2\/product_tag?post=4398"}],"curies":[{"name":"wp","href":"https:\/\/api.w.org\/{rel}","templated":true}]}}